{"id":12814,"date":"2023-11-04T01:07:35","date_gmt":"2023-11-04T00:07:35","guid":{"rendered":"http:\/\/innocentiemangonipiante.it\/hedera-helix-marginata-elegantissima\/"},"modified":"2023-11-06T14:49:20","modified_gmt":"2023-11-06T13:49:20","slug":"hedera-helix-marginata-elegantissima","status":"publish","type":"product","link":"https:\/\/innocentiemangonipiante.it\/fr\/hedera-helix-marginata-elegantissima\/","title":{"rendered":"HEDERA helix &lsquo;Marginata Elegantissima&rsquo;"},"content":{"rendered":"<p>Feuilles petites, lob\u00e9es, de couleur gris vert panach\u00e9es de blanc cr\u00e8me. Particuli\u00e8rement r\u00e9sistant au froid.<\/p>\n","protected":false},"excerpt":{"rendered":"<p>Feuilles petites, lob\u00e9es, de couleur gris vert panach\u00e9es de blanc cr\u00e8me. Particuli\u00e8rement r\u00e9sistant au froid.<\/p>\n","protected":false},"featured_media":2919,"template":"","meta":{"_acf_changed":false},"product_brand":[],"product_cat":[8836],"product_tag":[10897,8750],"class_list":{"0":"post-12814","1":"product","2":"type-product","3":"status-publish","4":"has-post-thumbnail","6":"product_cat-lianes","7":"product_tag-naturelle","8":"product_tag-espalier-fr","9":"pa_altezza-massima-400-fr","10":"pa_altezza-massima-600-fr","11":"pa_colore-delle-foglie-panachees","12":"pa_colore-fioritura-jaune","13":"pa_condizionamento-clt-fr","14":"pa_famiglia-araliaceae-fr","15":"pa_genere-hedera-fr","16":"pa_inquinamento-resistance-a-la-pollution","17":"pa_origine-europe-fr","18":"pa_periodo-fioritura-octobre","19":"pa_periodo-fioritura-septembre","20":"pa_portamento-liane","21":"pa_resistenza-climatica-tres-elevee","22":"pa_resistenza-del-suolo-resistant-aux-sols-calcaires","23":"pa_salinita-resistance-a-la-salinisation","24":"pa_utilizzo-balcons","25":"pa_utilizzo-parcs","26":"pa_utilizzo-petits-jardins","28":"first","29":"instock","30":"purchasable","31":"product-type-simple"},"acf":[],"_links":{"self":[{"href":"https:\/\/innocentiemangonipiante.it\/fr\/wp-json\/wp\/v2\/product\/12814","targetHints":{"allow":["GET"]}}],"collection":[{"href":"https:\/\/innocentiemangonipiante.it\/fr\/wp-json\/wp\/v2\/product"}],"about":[{"href":"https:\/\/innocentiemangonipiante.it\/fr\/wp-json\/wp\/v2\/types\/product"}],"wp:featuredmedia":[{"embeddable":true,"href":"https:\/\/innocentiemangonipiante.it\/fr\/wp-json\/wp\/v2\/media\/2919"}],"wp:attachment":[{"href":"https:\/\/innocentiemangonipiante.it\/fr\/wp-json\/wp\/v2\/media?parent=12814"}],"wp:term":[{"taxonomy":"product_brand","embeddable":true,"href":"https:\/\/innocentiemangonipiante.it\/fr\/wp-json\/wp\/v2\/product_brand?post=12814"},{"taxonomy":"product_cat","embeddable":true,"href":"https:\/\/innocentiemangonipiante.it\/fr\/wp-json\/wp\/v2\/product_cat?post=12814"},{"taxonomy":"product_tag","embeddable":true,"href":"https:\/\/innocentiemangonipiante.it\/fr\/wp-json\/wp\/v2\/product_tag?post=12814"}],"curies":[{"name":"wp","href":"https:\/\/api.w.org\/{rel}","templated":true}]}}