{"id":12815,"date":"2023-11-04T01:07:29","date_gmt":"2023-11-04T00:07:29","guid":{"rendered":"http:\/\/innocentiemangonipiante.it\/hedera-helix-goldheart\/"},"modified":"2023-11-06T14:49:17","modified_gmt":"2023-11-06T13:49:17","slug":"hedera-helix-goldheart","status":"publish","type":"product","link":"https:\/\/innocentiemangonipiante.it\/fr\/hedera-helix-goldheart\/","title":{"rendered":"HEDERA helix &lsquo;Goldheart&rsquo;"},"content":{"rendered":"<p>Feuilles de grandeur petite \u00e0 moyenne, trilob\u00e9es, de couleur vert fonc\u00e9 avec une tache centrale de couleur jaune vif.<\/p>\n","protected":false},"excerpt":{"rendered":"<p>Feuilles de grandeur petite \u00e0 moyenne, trilob\u00e9es, de couleur vert fonc\u00e9 avec une tache centrale de couleur jaune vif.<\/p>\n","protected":false},"featured_media":2913,"template":"","meta":{"_acf_changed":false},"product_brand":[],"product_cat":[8836],"product_tag":[10897,8750],"class_list":{"0":"post-12815","1":"product","2":"type-product","3":"status-publish","4":"has-post-thumbnail","6":"product_cat-lianes","7":"product_tag-naturelle","8":"product_tag-espalier-fr","9":"pa_altezza-massima-400-fr","10":"pa_altezza-massima-600-fr","11":"pa_colore-delle-foglie-panachees","12":"pa_colore-fioritura-jaune","13":"pa_condizionamento-clt-fr","14":"pa_condizionamento-pot-carre","15":"pa_famiglia-araliaceae-fr","16":"pa_genere-hedera-fr","17":"pa_inquinamento-resistance-a-la-pollution","18":"pa_origine-europe-fr","19":"pa_periodo-fioritura-octobre","20":"pa_periodo-fioritura-septembre","21":"pa_portamento-liane","22":"pa_resistenza-climatica-moyenne-elevee","23":"pa_resistenza-del-suolo-resistant-aux-sols-calcaires","24":"pa_salinita-resistance-a-la-salinisation","25":"pa_utilizzo-balcons","26":"pa_utilizzo-parcs","27":"pa_utilizzo-petits-jardins","29":"first","30":"instock","31":"purchasable","32":"product-type-simple"},"acf":[],"_links":{"self":[{"href":"https:\/\/innocentiemangonipiante.it\/fr\/wp-json\/wp\/v2\/product\/12815","targetHints":{"allow":["GET"]}}],"collection":[{"href":"https:\/\/innocentiemangonipiante.it\/fr\/wp-json\/wp\/v2\/product"}],"about":[{"href":"https:\/\/innocentiemangonipiante.it\/fr\/wp-json\/wp\/v2\/types\/product"}],"wp:featuredmedia":[{"embeddable":true,"href":"https:\/\/innocentiemangonipiante.it\/fr\/wp-json\/wp\/v2\/media\/2913"}],"wp:attachment":[{"href":"https:\/\/innocentiemangonipiante.it\/fr\/wp-json\/wp\/v2\/media?parent=12815"}],"wp:term":[{"taxonomy":"product_brand","embeddable":true,"href":"https:\/\/innocentiemangonipiante.it\/fr\/wp-json\/wp\/v2\/product_brand?post=12815"},{"taxonomy":"product_cat","embeddable":true,"href":"https:\/\/innocentiemangonipiante.it\/fr\/wp-json\/wp\/v2\/product_cat?post=12815"},{"taxonomy":"product_tag","embeddable":true,"href":"https:\/\/innocentiemangonipiante.it\/fr\/wp-json\/wp\/v2\/product_tag?post=12815"}],"curies":[{"name":"wp","href":"https:\/\/api.w.org\/{rel}","templated":true}]}}