{"id":12817,"date":"2023-11-04T01:07:14","date_gmt":"2023-11-04T00:07:14","guid":{"rendered":"http:\/\/innocentiemangonipiante.it\/hedera-helix\/"},"modified":"2023-11-06T14:49:12","modified_gmt":"2023-11-06T13:49:12","slug":"hedera-helix","status":"publish","type":"product","link":"https:\/\/innocentiemangonipiante.it\/fr\/hedera-helix\/","title":{"rendered":"HEDERA helix"},"content":{"rendered":"<p>\u201cLierre commun\u201d. Plante persistante, grimpante, ou retombante, robuste, avec feuilles de 3 \u00e0 5 lobes de forme largement ovale \u00e0 triangul\u00e8re, luisante, de couleur vert fonc\u00e9, longues de 4 \u00e0 6 cm.<\/p>\n","protected":false},"excerpt":{"rendered":"<p>\u201cLierre commun\u201d. Plante persistante, grimpante, ou retombante, robuste, avec feuilles de 3 \u00e0 5 lobes de forme largement ovale \u00e0 triangul\u00e8re, luisante, de couleur vert fonc\u00e9, longues de 4 \u00e0 6 cm.<\/p>\n","protected":false},"featured_media":2901,"template":"","meta":{"_acf_changed":false},"product_brand":[],"product_cat":[8836],"product_tag":[10897,8750],"class_list":{"0":"post-12817","1":"product","2":"type-product","3":"status-publish","4":"has-post-thumbnail","6":"product_cat-lianes","7":"product_tag-naturelle","8":"product_tag-espalier-fr","9":"pa_altezza-massima-500-fr","10":"pa_altezza-massima-1000-fr-2","11":"pa_colore-fioritura-jaune","12":"pa_condizionamento-clt-fr","13":"pa_condizionamento-vs-fr","14":"pa_famiglia-araliaceae-fr","15":"pa_genere-hedera-fr","16":"pa_inquinamento-resistance-a-la-pollution","17":"pa_origine-europe-fr","18":"pa_periodo-fioritura-octobre","19":"pa_periodo-fioritura-septembre","20":"pa_portamento-liane","21":"pa_resistenza-climatica-tres-elevee","22":"pa_resistenza-del-suolo-resistant-aux-sols-calcaires","23":"pa_salinita-resistance-a-la-salinisation","24":"pa_utilizzo-balcons","25":"pa_utilizzo-parcs","26":"pa_utilizzo-petits-jardins","28":"first","29":"instock","30":"purchasable","31":"product-type-simple"},"acf":[],"_links":{"self":[{"href":"https:\/\/innocentiemangonipiante.it\/fr\/wp-json\/wp\/v2\/product\/12817","targetHints":{"allow":["GET"]}}],"collection":[{"href":"https:\/\/innocentiemangonipiante.it\/fr\/wp-json\/wp\/v2\/product"}],"about":[{"href":"https:\/\/innocentiemangonipiante.it\/fr\/wp-json\/wp\/v2\/types\/product"}],"wp:featuredmedia":[{"embeddable":true,"href":"https:\/\/innocentiemangonipiante.it\/fr\/wp-json\/wp\/v2\/media\/2901"}],"wp:attachment":[{"href":"https:\/\/innocentiemangonipiante.it\/fr\/wp-json\/wp\/v2\/media?parent=12817"}],"wp:term":[{"taxonomy":"product_brand","embeddable":true,"href":"https:\/\/innocentiemangonipiante.it\/fr\/wp-json\/wp\/v2\/product_brand?post=12817"},{"taxonomy":"product_cat","embeddable":true,"href":"https:\/\/innocentiemangonipiante.it\/fr\/wp-json\/wp\/v2\/product_cat?post=12817"},{"taxonomy":"product_tag","embeddable":true,"href":"https:\/\/innocentiemangonipiante.it\/fr\/wp-json\/wp\/v2\/product_tag?post=12817"}],"curies":[{"name":"wp","href":"https:\/\/api.w.org\/{rel}","templated":true}]}}