{"id":12820,"date":"2023-11-04T01:06:56","date_gmt":"2023-11-04T00:06:56","guid":{"rendered":"http:\/\/innocentiemangonipiante.it\/hedera-algeriensis-gloire-de-marengo\/"},"modified":"2023-11-06T14:49:05","modified_gmt":"2023-11-06T13:49:05","slug":"hedera-algeriensis-gloire-de-marengo","status":"publish","type":"product","link":"https:\/\/innocentiemangonipiante.it\/fr\/hedera-algeriensis-gloire-de-marengo\/","title":{"rendered":"HEDERA algeriensis &lsquo;Gloire de Marengo&rsquo;"},"content":{"rendered":"<p>Grandes feuilles de couleur vert argent\u00e9 clair, panach\u00e9es de blanc cr\u00e8me.<\/p>\n","protected":false},"excerpt":{"rendered":"<p>Grandes feuilles de couleur vert argent\u00e9 clair, panach\u00e9es de blanc cr\u00e8me.<\/p>\n","protected":false},"featured_media":2883,"template":"","meta":{"_acf_changed":false},"product_brand":[],"product_cat":[8836],"product_tag":[10897,8750],"class_list":{"0":"post-12820","1":"product","2":"type-product","3":"status-publish","4":"has-post-thumbnail","6":"product_cat-lianes","7":"product_tag-naturelle","8":"product_tag-espalier-fr","9":"pa_altezza-massima-400-fr","10":"pa_altezza-massima-600-fr","11":"pa_colore-delle-foglie-panachees","12":"pa_colore-fioritura-jaune","13":"pa_condizionamento-clt-fr","14":"pa_condizionamento-vs-fr","15":"pa_famiglia-araliaceae-fr","16":"pa_genere-hedera-fr","17":"pa_origine-algerie","18":"pa_periodo-fioritura-septembre","19":"pa_portamento-liane","20":"pa_resistenza-climatica-moyenne-elevee","21":"pa_resistenza-del-suolo-resistant-aux-sols-calcaires","22":"pa_salinita-resistance-a-la-salinisation","23":"pa_utilizzo-balcons","24":"pa_utilizzo-parcs","25":"pa_utilizzo-petits-jardins","27":"first","28":"instock","29":"purchasable","30":"product-type-simple"},"acf":[],"_links":{"self":[{"href":"https:\/\/innocentiemangonipiante.it\/fr\/wp-json\/wp\/v2\/product\/12820","targetHints":{"allow":["GET"]}}],"collection":[{"href":"https:\/\/innocentiemangonipiante.it\/fr\/wp-json\/wp\/v2\/product"}],"about":[{"href":"https:\/\/innocentiemangonipiante.it\/fr\/wp-json\/wp\/v2\/types\/product"}],"wp:featuredmedia":[{"embeddable":true,"href":"https:\/\/innocentiemangonipiante.it\/fr\/wp-json\/wp\/v2\/media\/2883"}],"wp:attachment":[{"href":"https:\/\/innocentiemangonipiante.it\/fr\/wp-json\/wp\/v2\/media?parent=12820"}],"wp:term":[{"taxonomy":"product_brand","embeddable":true,"href":"https:\/\/innocentiemangonipiante.it\/fr\/wp-json\/wp\/v2\/product_brand?post=12820"},{"taxonomy":"product_cat","embeddable":true,"href":"https:\/\/innocentiemangonipiante.it\/fr\/wp-json\/wp\/v2\/product_cat?post=12820"},{"taxonomy":"product_tag","embeddable":true,"href":"https:\/\/innocentiemangonipiante.it\/fr\/wp-json\/wp\/v2\/product_tag?post=12820"}],"curies":[{"name":"wp","href":"https:\/\/api.w.org\/{rel}","templated":true}]}}