{"id":12822,"date":"2023-11-04T01:09:05","date_gmt":"2023-11-04T00:09:05","guid":{"rendered":"http:\/\/innocentiemangonipiante.it\/heptacodium-miconioides\/"},"modified":"2023-11-06T14:49:57","modified_gmt":"2023-11-06T13:49:57","slug":"heptacodium-miconioides","status":"publish","type":"product","link":"https:\/\/innocentiemangonipiante.it\/fr\/heptacodium-miconioides\/","title":{"rendered":"HEPTACODIUM miconioides"},"content":{"rendered":"<p>Arbuste arbustif \u00e9rig\u00e9 avec des feuilles vert fonc\u00e9. Il produit de petites fleurs blanches de la fin de l\u2019\u00e9t\u00e9 \u00e0 la fin de l\u2019automne, tr\u00e8s parfum\u00e9es et recueillies en grappes. Les fleurs sont suivies de petits fruits rouge-violet couronn\u00e9s de gobelets roses tr\u00e8s voyants. L\u2019\u00e9corce exfolie en hiver.<\/p>\n","protected":false},"excerpt":{"rendered":"<p>Arbuste arbustif \u00e9rig\u00e9 avec des feuilles vert fonc\u00e9. Il produit de petites fleurs blanches de la fin de l\u2019\u00e9t\u00e9 \u00e0 la fin de l\u2019automne, tr\u00e8s parfum\u00e9es et recueillies en grappes. Les fleurs sont suivies de petits fruits rouge-violet couronn\u00e9s de gobelets roses tr\u00e8s voyants. L\u2019\u00e9corce exfolie en hiver.<\/p>\n","protected":false},"featured_media":2942,"template":"","meta":{"_acf_changed":false},"product_brand":[],"product_cat":[8812,9230],"product_tag":[10897],"class_list":{"0":"post-12822","1":"product","2":"type-product","3":"status-publish","4":"has-post-thumbnail","6":"product_cat-arbres-et-arbustes-a-feuilles-caduques","7":"product_cat-arbres-et-plantes-du-futur","8":"product_tag-naturelle","9":"pa_altezza-massima-400-fr","10":"pa_altezza-massima-600-fr","11":"pa_colore-fioritura-blanc","12":"pa_condizionamento-clt-fr","13":"pa_condizionamento-motte","14":"pa_famiglia-caprifoliaceae-fr","15":"pa_genere-heptacodium-fr","16":"pa_origine-chine","17":"pa_periodo-fioritura-aout","18":"pa_periodo-fioritura-novembre-fr","19":"pa_periodo-fioritura-octobre","20":"pa_periodo-fioritura-septembre","21":"pa_periodo-fruttificazione-novembre-fr","22":"pa_portamento-cespuglioso-fr","23":"pa_resistenza-climatica-tres-elevee","24":"pa_resistenza-del-suolo-resistant-aux-sols-calcaires","25":"pa_salinita-resistance-a-la-salinisation","26":"pa_utilizzo-parcs","27":"pa_utilizzo-petits-jardins","29":"first","30":"instock","31":"purchasable","32":"product-type-simple"},"acf":[],"_links":{"self":[{"href":"https:\/\/innocentiemangonipiante.it\/fr\/wp-json\/wp\/v2\/product\/12822","targetHints":{"allow":["GET"]}}],"collection":[{"href":"https:\/\/innocentiemangonipiante.it\/fr\/wp-json\/wp\/v2\/product"}],"about":[{"href":"https:\/\/innocentiemangonipiante.it\/fr\/wp-json\/wp\/v2\/types\/product"}],"wp:featuredmedia":[{"embeddable":true,"href":"https:\/\/innocentiemangonipiante.it\/fr\/wp-json\/wp\/v2\/media\/2942"}],"wp:attachment":[{"href":"https:\/\/innocentiemangonipiante.it\/fr\/wp-json\/wp\/v2\/media?parent=12822"}],"wp:term":[{"taxonomy":"product_brand","embeddable":true,"href":"https:\/\/innocentiemangonipiante.it\/fr\/wp-json\/wp\/v2\/product_brand?post=12822"},{"taxonomy":"product_cat","embeddable":true,"href":"https:\/\/innocentiemangonipiante.it\/fr\/wp-json\/wp\/v2\/product_cat?post=12822"},{"taxonomy":"product_tag","embeddable":true,"href":"https:\/\/innocentiemangonipiante.it\/fr\/wp-json\/wp\/v2\/product_tag?post=12822"}],"curies":[{"name":"wp","href":"https:\/\/api.w.org\/{rel}","templated":true}]}}