{"id":12825,"date":"2023-11-04T01:12:01","date_gmt":"2023-11-04T00:12:01","guid":{"rendered":"http:\/\/innocentiemangonipiante.it\/hibiscus-syriacus-ultramarine\/"},"modified":"2023-11-06T14:51:41","modified_gmt":"2023-11-06T13:51:41","slug":"hibiscus-syriacus-ultramarine","status":"publish","type":"product","link":"https:\/\/innocentiemangonipiante.it\/fr\/hibiscus-syriacus-ultramarine\/","title":{"rendered":"HIBISCUS syriacus &lsquo;Ultramarine&rsquo; \u00ae"},"content":{"rendered":"<p>Cultivar avec port \u00e9troitement \u00e9rig\u00e9 et plus vigoureuse que l\u2019autre esp\u00e8ce bleue. En juillet ao\u00fbt il produit des fleurs de couleur bleu-lavande fonc\u00e9e avec centre rouge.<\/p>\n","protected":false},"excerpt":{"rendered":"<p>Cultivar avec port \u00e9troitement \u00e9rig\u00e9 et plus vigoureuse que l\u2019autre esp\u00e8ce bleue. En juillet ao\u00fbt il produit des fleurs de couleur bleu-lavande fonc\u00e9e avec centre rouge.<\/p>\n","protected":false},"featured_media":2980,"template":"","meta":{"_acf_changed":false},"product_brand":[],"product_cat":[8812,9230],"product_tag":[10897],"class_list":{"0":"post-12825","1":"product","2":"type-product","3":"status-publish","4":"has-post-thumbnail","6":"product_cat-arbres-et-arbustes-a-feuilles-caduques","7":"product_cat-arbres-et-plantes-du-futur","8":"product_tag-naturelle","9":"pa_altezza-massima-200-fr","10":"pa_altezza-massima-300-fr-2","11":"pa_colore-fioritura-bleu","12":"pa_condizionamento-clt-fr","13":"pa_famiglia-malvaceae-fr","14":"pa_genere-hibiscus-fr","15":"pa_origine-france-fr","16":"pa_periodo-fioritura-aout","17":"pa_periodo-fioritura-juillet","18":"pa_portamento-eretto-fr","19":"pa_resistenza-climatica-tres-elevee","20":"pa_resistenza-del-suolo-resistant-aux-sols-calcaires","21":"pa_utilizzo-parcs","22":"pa_utilizzo-petits-jardins","24":"first","25":"instock","26":"purchasable","27":"product-type-simple"},"acf":[],"_links":{"self":[{"href":"https:\/\/innocentiemangonipiante.it\/fr\/wp-json\/wp\/v2\/product\/12825","targetHints":{"allow":["GET"]}}],"collection":[{"href":"https:\/\/innocentiemangonipiante.it\/fr\/wp-json\/wp\/v2\/product"}],"about":[{"href":"https:\/\/innocentiemangonipiante.it\/fr\/wp-json\/wp\/v2\/types\/product"}],"wp:featuredmedia":[{"embeddable":true,"href":"https:\/\/innocentiemangonipiante.it\/fr\/wp-json\/wp\/v2\/media\/2980"}],"wp:attachment":[{"href":"https:\/\/innocentiemangonipiante.it\/fr\/wp-json\/wp\/v2\/media?parent=12825"}],"wp:term":[{"taxonomy":"product_brand","embeddable":true,"href":"https:\/\/innocentiemangonipiante.it\/fr\/wp-json\/wp\/v2\/product_brand?post=12825"},{"taxonomy":"product_cat","embeddable":true,"href":"https:\/\/innocentiemangonipiante.it\/fr\/wp-json\/wp\/v2\/product_cat?post=12825"},{"taxonomy":"product_tag","embeddable":true,"href":"https:\/\/innocentiemangonipiante.it\/fr\/wp-json\/wp\/v2\/product_tag?post=12825"}],"curies":[{"name":"wp","href":"https:\/\/api.w.org\/{rel}","templated":true}]}}