{"id":12833,"date":"2023-11-04T01:13:33","date_gmt":"2023-11-04T00:13:33","guid":{"rendered":"http:\/\/innocentiemangonipiante.it\/hydrangea-anomala-ssp-petiolaris-silver-lining\/"},"modified":"2023-11-06T14:52:20","modified_gmt":"2023-11-06T13:52:20","slug":"hydrangea-anomala-ssp-petiolaris-silver-lining","status":"publish","type":"product","link":"https:\/\/innocentiemangonipiante.it\/fr\/hydrangea-anomala-ssp-petiolaris-silver-lining\/","title":{"rendered":"HYDRANGEA anomala ssp. petiolaris &lsquo;Silver Lining&rsquo;"},"content":{"rendered":"<p>Arbuste grimpant \u00e0 feuilles caduques avec des racines a\u00e9riennes qui lui permettent d&rsquo;adh\u00e9rer \u00e0 tous les surfaces. Sa particularit\u00e9 est le feuillage panach\u00e9 vert-gris avec marges blanches irr\u00e9guli\u00e8res. Inflorescence estivale blanc cr\u00e8me.<\/p>\n","protected":false},"excerpt":{"rendered":"<p>Arbuste grimpant \u00e0 feuilles caduques avec des racines a\u00e9riennes qui lui permettent d&rsquo;adh\u00e9rer \u00e0 tous les surfaces. Sa particularit\u00e9 est le feuillage panach\u00e9 vert-gris avec marges blanches irr\u00e9guli\u00e8res. Inflorescence estivale blanc cr\u00e8me.<\/p>\n","protected":false},"featured_media":3004,"template":"","meta":{"_acf_changed":false},"product_brand":[],"product_cat":[8812],"product_tag":[10897],"class_list":{"0":"post-12833","1":"product","2":"type-product","3":"status-publish","4":"has-post-thumbnail","6":"product_cat-arbres-et-arbustes-a-feuilles-caduques","7":"product_tag-naturelle","8":"pa_altezza-massima-300-fr-2","9":"pa_altezza-massima-400-fr","10":"pa_colore-fioritura-blanc","11":"pa_famiglia-hydrangeaceae-fr","12":"pa_genere-hydrangea-fr","13":"pa_origine-hollande","14":"pa_periodo-fioritura-juillet","15":"pa_periodo-fioritura-juin","16":"pa_portamento-liane","17":"pa_resistenza-climatica-tres-elevee","18":"pa_salinita-resistance-a-la-salinisation","19":"pa_utilizzo-parcs","20":"pa_utilizzo-petits-jardins","22":"first","23":"instock","24":"purchasable","25":"product-type-simple"},"acf":[],"_links":{"self":[{"href":"https:\/\/innocentiemangonipiante.it\/fr\/wp-json\/wp\/v2\/product\/12833","targetHints":{"allow":["GET"]}}],"collection":[{"href":"https:\/\/innocentiemangonipiante.it\/fr\/wp-json\/wp\/v2\/product"}],"about":[{"href":"https:\/\/innocentiemangonipiante.it\/fr\/wp-json\/wp\/v2\/types\/product"}],"wp:featuredmedia":[{"embeddable":true,"href":"https:\/\/innocentiemangonipiante.it\/fr\/wp-json\/wp\/v2\/media\/3004"}],"wp:attachment":[{"href":"https:\/\/innocentiemangonipiante.it\/fr\/wp-json\/wp\/v2\/media?parent=12833"}],"wp:term":[{"taxonomy":"product_brand","embeddable":true,"href":"https:\/\/innocentiemangonipiante.it\/fr\/wp-json\/wp\/v2\/product_brand?post=12833"},{"taxonomy":"product_cat","embeddable":true,"href":"https:\/\/innocentiemangonipiante.it\/fr\/wp-json\/wp\/v2\/product_cat?post=12833"},{"taxonomy":"product_tag","embeddable":true,"href":"https:\/\/innocentiemangonipiante.it\/fr\/wp-json\/wp\/v2\/product_tag?post=12833"}],"curies":[{"name":"wp","href":"https:\/\/api.w.org\/{rel}","templated":true}]}}