{"id":12837,"date":"2023-11-04T01:16:02","date_gmt":"2023-11-04T00:16:02","guid":{"rendered":"http:\/\/innocentiemangonipiante.it\/hydrangea-quercifolia-snow-flake\/"},"modified":"2023-11-06T14:53:51","modified_gmt":"2023-11-06T13:53:51","slug":"hydrangea-quercifolia-snow-flake","status":"publish","type":"product","link":"https:\/\/innocentiemangonipiante.it\/fr\/hydrangea-quercifolia-snow-flake\/","title":{"rendered":"HYDRANGEA quercifolia &lsquo;Snow Flake&rsquo;"},"content":{"rendered":"<p>Int\u00e9ressante vari\u00e9t\u00e9 pour ses plusieurs couleurs. La fleur est blanche et devient rose clair, apr\u00e8s violet intense et marron. La feuille verte devient apr\u00e8s rouge fonc\u00e9. Supporte bien la position ensoleill\u00e9e et n\u00e9cessite un terrain bien drain\u00e9.<\/p>\n","protected":false},"excerpt":{"rendered":"<p>Int\u00e9ressante vari\u00e9t\u00e9 pour ses plusieurs couleurs. La fleur est blanche et devient rose clair, apr\u00e8s violet intense et marron. La feuille verte devient apr\u00e8s rouge fonc\u00e9. Supporte bien la position ensoleill\u00e9e et n\u00e9cessite un terrain bien drain\u00e9.<\/p>\n","protected":false},"featured_media":3100,"template":"","meta":{"_acf_changed":false},"product_brand":[],"product_cat":[8812],"product_tag":[10897],"class_list":{"0":"post-12837","1":"product","2":"type-product","3":"status-publish","4":"has-post-thumbnail","6":"product_cat-arbres-et-arbustes-a-feuilles-caduques","7":"product_tag-naturelle","8":"pa_altezza-massima-150-fr","9":"pa_altezza-massima-200-fr","10":"pa_colore-fioritura-blanc","11":"pa_condizionamento-clt-fr","12":"pa_famiglia-hydrangeaceae-fr","13":"pa_genere-hydrangea-fr","14":"pa_origine-origine-delle-piante-u-s-a","15":"pa_periodo-fioritura-aout","16":"pa_periodo-fioritura-juillet","17":"pa_periodo-fioritura-juin","18":"pa_portamento-arrondi","19":"pa_resistenza-climatica-tres-elevee","20":"pa_salinita-resistance-a-la-salinisation","21":"pa_utilizzo-parcs","22":"pa_utilizzo-petits-jardins","24":"first","25":"instock","26":"purchasable","27":"product-type-simple"},"acf":[],"_links":{"self":[{"href":"https:\/\/innocentiemangonipiante.it\/fr\/wp-json\/wp\/v2\/product\/12837","targetHints":{"allow":["GET"]}}],"collection":[{"href":"https:\/\/innocentiemangonipiante.it\/fr\/wp-json\/wp\/v2\/product"}],"about":[{"href":"https:\/\/innocentiemangonipiante.it\/fr\/wp-json\/wp\/v2\/types\/product"}],"wp:featuredmedia":[{"embeddable":true,"href":"https:\/\/innocentiemangonipiante.it\/fr\/wp-json\/wp\/v2\/media\/3100"}],"wp:attachment":[{"href":"https:\/\/innocentiemangonipiante.it\/fr\/wp-json\/wp\/v2\/media?parent=12837"}],"wp:term":[{"taxonomy":"product_brand","embeddable":true,"href":"https:\/\/innocentiemangonipiante.it\/fr\/wp-json\/wp\/v2\/product_brand?post=12837"},{"taxonomy":"product_cat","embeddable":true,"href":"https:\/\/innocentiemangonipiante.it\/fr\/wp-json\/wp\/v2\/product_cat?post=12837"},{"taxonomy":"product_tag","embeddable":true,"href":"https:\/\/innocentiemangonipiante.it\/fr\/wp-json\/wp\/v2\/product_tag?post=12837"}],"curies":[{"name":"wp","href":"https:\/\/api.w.org\/{rel}","templated":true}]}}