{"id":12838,"date":"2023-11-04T01:13:25","date_gmt":"2023-11-04T00:13:25","guid":{"rendered":"http:\/\/innocentiemangonipiante.it\/hydrangea-anomala-ssp-petiolaris\/"},"modified":"2023-11-06T14:52:18","modified_gmt":"2023-11-06T13:52:18","slug":"hydrangea-anomala-ssp-petiolaris","status":"publish","type":"product","link":"https:\/\/innocentiemangonipiante.it\/fr\/hydrangea-anomala-ssp-petiolaris\/","title":{"rendered":"HYDRANGEA anomala ssp. petiolaris"},"content":{"rendered":"<p>Arbuste grimpant, ligneux, \u00e0 feuille caduque, vigoureux, qui se sert de racines a\u00e9ricoles. Feuilles de couleur vert fonc\u00e9 qui virent au jaune en automne. En \u00e9t\u00e9, il donne des corymbes en forme de cupule portant des fleurs simples de couleur blanche.<\/p>\n","protected":false},"excerpt":{"rendered":"<p>Arbuste grimpant, ligneux, \u00e0 feuille caduque, vigoureux, qui se sert de racines a\u00e9ricoles. Feuilles de couleur vert fonc\u00e9 qui virent au jaune en automne. En \u00e9t\u00e9, il donne des corymbes en forme de cupule portant des fleurs simples de couleur blanche.<\/p>\n","protected":false},"featured_media":2998,"template":"","meta":{"_acf_changed":false},"product_brand":[],"product_cat":[8812],"product_tag":[10897],"class_list":{"0":"post-12838","1":"product","2":"type-product","3":"status-publish","4":"has-post-thumbnail","6":"product_cat-arbres-et-arbustes-a-feuilles-caduques","7":"product_tag-naturelle","8":"pa_altezza-massima-800-fr","9":"pa_altezza-massima-1000-fr-2","10":"pa_colore-fioritura-blanc","11":"pa_famiglia-hydrangeaceae-fr","12":"pa_genere-hydrangea-fr","13":"pa_origine-asie-orientale","14":"pa_periodo-fioritura-aout","15":"pa_periodo-fioritura-juillet","16":"pa_portamento-liane","17":"pa_resistenza-climatica-tres-elevee","18":"pa_utilizzo-parcs","19":"pa_utilizzo-petits-jardins","21":"first","22":"instock","23":"purchasable","24":"product-type-simple"},"acf":[],"_links":{"self":[{"href":"https:\/\/innocentiemangonipiante.it\/fr\/wp-json\/wp\/v2\/product\/12838","targetHints":{"allow":["GET"]}}],"collection":[{"href":"https:\/\/innocentiemangonipiante.it\/fr\/wp-json\/wp\/v2\/product"}],"about":[{"href":"https:\/\/innocentiemangonipiante.it\/fr\/wp-json\/wp\/v2\/types\/product"}],"wp:featuredmedia":[{"embeddable":true,"href":"https:\/\/innocentiemangonipiante.it\/fr\/wp-json\/wp\/v2\/media\/2998"}],"wp:attachment":[{"href":"https:\/\/innocentiemangonipiante.it\/fr\/wp-json\/wp\/v2\/media?parent=12838"}],"wp:term":[{"taxonomy":"product_brand","embeddable":true,"href":"https:\/\/innocentiemangonipiante.it\/fr\/wp-json\/wp\/v2\/product_brand?post=12838"},{"taxonomy":"product_cat","embeddable":true,"href":"https:\/\/innocentiemangonipiante.it\/fr\/wp-json\/wp\/v2\/product_cat?post=12838"},{"taxonomy":"product_tag","embeddable":true,"href":"https:\/\/innocentiemangonipiante.it\/fr\/wp-json\/wp\/v2\/product_tag?post=12838"}],"curies":[{"name":"wp","href":"https:\/\/api.w.org\/{rel}","templated":true}]}}