{"id":12840,"date":"2023-11-04T01:15:16","date_gmt":"2023-11-04T00:15:16","guid":{"rendered":"http:\/\/innocentiemangonipiante.it\/hydrangea-paniculata-unique\/"},"modified":"2023-11-06T14:53:01","modified_gmt":"2023-11-06T13:53:01","slug":"hydrangea-paniculata-unique","status":"publish","type":"product","link":"https:\/\/innocentiemangonipiante.it\/fr\/hydrangea-paniculata-unique\/","title":{"rendered":"HYDRANGEA paniculata &lsquo;Unique&rsquo;"},"content":{"rendered":"<p>En \u00e9t\u00e9 il porte des fleurs blanc-cr\u00e8me en grandes panicules coniques ronde\u00e2tres, qui virent au rose en automne.<\/p>\n","protected":false},"excerpt":{"rendered":"<p>En \u00e9t\u00e9 il porte des fleurs blanc-cr\u00e8me en grandes panicules coniques ronde\u00e2tres, qui virent au rose en automne.<\/p>\n","protected":false},"featured_media":3088,"template":"","meta":{"_acf_changed":false},"product_brand":[],"product_cat":[8812],"product_tag":[10897,6255],"class_list":{"0":"post-12840","1":"product","2":"type-product","3":"status-publish","4":"has-post-thumbnail","6":"product_cat-arbres-et-arbustes-a-feuilles-caduques","7":"product_tag-naturelle","8":"product_tag-demi-tige","9":"pa_altezza-massima-200-fr","10":"pa_altezza-massima-300-fr-2","11":"pa_colore-fioritura-blanc","12":"pa_condizionamento-clt-fr","13":"pa_condizionamento-pot-carre","14":"pa_famiglia-hydrangeaceae-fr","15":"pa_genere-hydrangea-fr","16":"pa_origine-france-fr","17":"pa_periodo-fioritura-aout","18":"pa_periodo-fioritura-juillet","19":"pa_periodo-fioritura-juin","20":"pa_periodo-fioritura-octobre","21":"pa_periodo-fioritura-septembre","22":"pa_portamento-allargato-fr","23":"pa_resistenza-climatica-moyenne-elevee","24":"pa_salinita-resistance-a-la-salinisation","25":"pa_utilizzo-parcs","27":"first","28":"instock","29":"purchasable","30":"product-type-simple"},"acf":[],"_links":{"self":[{"href":"https:\/\/innocentiemangonipiante.it\/fr\/wp-json\/wp\/v2\/product\/12840","targetHints":{"allow":["GET"]}}],"collection":[{"href":"https:\/\/innocentiemangonipiante.it\/fr\/wp-json\/wp\/v2\/product"}],"about":[{"href":"https:\/\/innocentiemangonipiante.it\/fr\/wp-json\/wp\/v2\/types\/product"}],"wp:featuredmedia":[{"embeddable":true,"href":"https:\/\/innocentiemangonipiante.it\/fr\/wp-json\/wp\/v2\/media\/3088"}],"wp:attachment":[{"href":"https:\/\/innocentiemangonipiante.it\/fr\/wp-json\/wp\/v2\/media?parent=12840"}],"wp:term":[{"taxonomy":"product_brand","embeddable":true,"href":"https:\/\/innocentiemangonipiante.it\/fr\/wp-json\/wp\/v2\/product_brand?post=12840"},{"taxonomy":"product_cat","embeddable":true,"href":"https:\/\/innocentiemangonipiante.it\/fr\/wp-json\/wp\/v2\/product_cat?post=12840"},{"taxonomy":"product_tag","embeddable":true,"href":"https:\/\/innocentiemangonipiante.it\/fr\/wp-json\/wp\/v2\/product_tag?post=12840"}],"curies":[{"name":"wp","href":"https:\/\/api.w.org\/{rel}","templated":true}]}}