{"id":12845,"date":"2023-11-04T01:14:39","date_gmt":"2023-11-04T00:14:39","guid":{"rendered":"http:\/\/innocentiemangonipiante.it\/hydrangea-paniculata-great-star\/"},"modified":"2023-11-06T14:52:46","modified_gmt":"2023-11-06T13:52:46","slug":"hydrangea-paniculata-great-star","status":"publish","type":"product","link":"https:\/\/innocentiemangonipiante.it\/fr\/hydrangea-paniculata-great-star\/","title":{"rendered":"HYDRANGEA paniculata &lsquo;Great Star&rsquo; \u00ae"},"content":{"rendered":"<p>S\u00e9lection particuli\u00e8rement int\u00e9ressante pour la forme \u2018inusuelle\u2019 de sa fleur. Fleur blanche fertile sur laquelle \u00e9merge une fleur visible, mais st\u00e9rile, blanche en forme d\u2019\u00e9toile. Floraison de juillet \u00e0 septembre.<\/p>\n","protected":false},"excerpt":{"rendered":"<p>S\u00e9lection particuli\u00e8rement int\u00e9ressante pour la forme \u2018inusuelle\u2019 de sa fleur. Fleur blanche fertile sur laquelle \u00e9merge une fleur visible, mais st\u00e9rile, blanche en forme d\u2019\u00e9toile. Floraison de juillet \u00e0 septembre.<\/p>\n","protected":false},"featured_media":3058,"template":"","meta":{"_acf_changed":false},"product_brand":[],"product_cat":[8812],"product_tag":[10897,6255],"class_list":{"0":"post-12845","1":"product","2":"type-product","3":"status-publish","4":"has-post-thumbnail","6":"product_cat-arbres-et-arbustes-a-feuilles-caduques","7":"product_tag-naturelle","8":"product_tag-demi-tige","9":"pa_altezza-massima-200-fr","10":"pa_altezza-massima-300-fr-2","11":"pa_colore-fioritura-blanc","12":"pa_condizionamento-clt-fr","13":"pa_condizionamento-pot-carre","14":"pa_famiglia-hydrangeaceae-fr","15":"pa_genere-hydrangea-fr","16":"pa_origine-france-fr","17":"pa_periodo-fioritura-aout","18":"pa_periodo-fioritura-juillet","19":"pa_periodo-fioritura-septembre","20":"pa_portamento-allargato-fr","21":"pa_resistenza-climatica-tres-elevee","22":"pa_salinita-resistance-a-la-salinisation","23":"pa_utilizzo-parcs","25":"first","26":"instock","27":"purchasable","28":"product-type-simple"},"acf":[],"_links":{"self":[{"href":"https:\/\/innocentiemangonipiante.it\/fr\/wp-json\/wp\/v2\/product\/12845","targetHints":{"allow":["GET"]}}],"collection":[{"href":"https:\/\/innocentiemangonipiante.it\/fr\/wp-json\/wp\/v2\/product"}],"about":[{"href":"https:\/\/innocentiemangonipiante.it\/fr\/wp-json\/wp\/v2\/types\/product"}],"wp:featuredmedia":[{"embeddable":true,"href":"https:\/\/innocentiemangonipiante.it\/fr\/wp-json\/wp\/v2\/media\/3058"}],"wp:attachment":[{"href":"https:\/\/innocentiemangonipiante.it\/fr\/wp-json\/wp\/v2\/media?parent=12845"}],"wp:term":[{"taxonomy":"product_brand","embeddable":true,"href":"https:\/\/innocentiemangonipiante.it\/fr\/wp-json\/wp\/v2\/product_brand?post=12845"},{"taxonomy":"product_cat","embeddable":true,"href":"https:\/\/innocentiemangonipiante.it\/fr\/wp-json\/wp\/v2\/product_cat?post=12845"},{"taxonomy":"product_tag","embeddable":true,"href":"https:\/\/innocentiemangonipiante.it\/fr\/wp-json\/wp\/v2\/product_tag?post=12845"}],"curies":[{"name":"wp","href":"https:\/\/api.w.org\/{rel}","templated":true}]}}