{"id":12846,"date":"2023-11-04T01:14:33","date_gmt":"2023-11-04T00:14:33","guid":{"rendered":"http:\/\/innocentiemangonipiante.it\/hydrangea-paniculata-grandiflora\/"},"modified":"2023-11-06T14:52:44","modified_gmt":"2023-11-06T13:52:44","slug":"hydrangea-paniculata-grandiflora","status":"publish","type":"product","link":"https:\/\/innocentiemangonipiante.it\/fr\/hydrangea-paniculata-grandiflora\/","title":{"rendered":"HYDRANGEA paniculata &lsquo;Grandiflora&rsquo;"},"content":{"rendered":"<p>Arbuste \u00e0 feuille caduque au port ample, vigoureux, feuilles ov\u00e9es, pointues, dentel\u00e9es, de couleur vert fonc\u00e9. De la fin de l\u2019\u00e9t\u00e9 au d\u00e9but de l\u2019automne, il d\u00e9veloppe de grandes panicules blanches coniques de 15 \u00e0 20 cm port\u00e9es sur des longues tiges fines qui plient vers le bas \u00e0 cause du poids de la fleur.<\/p>\n","protected":false},"excerpt":{"rendered":"<p>Arbuste \u00e0 feuille caduque au port ample, vigoureux, feuilles ov\u00e9es, pointues, dentel\u00e9es, de couleur vert fonc\u00e9. De la fin de l\u2019\u00e9t\u00e9 au d\u00e9but de l\u2019automne, il d\u00e9veloppe de grandes panicules blanches coniques de 15 \u00e0 20 cm port\u00e9es sur des longues tiges fines qui plient vers le bas \u00e0 cause du poids de la fleur.<\/p>\n","protected":false},"featured_media":3052,"template":"","meta":{"_acf_changed":false},"product_brand":[],"product_cat":[8812],"product_tag":[10897,6255],"class_list":{"0":"post-12846","1":"product","2":"type-product","3":"status-publish","4":"has-post-thumbnail","6":"product_cat-arbres-et-arbustes-a-feuilles-caduques","7":"product_tag-naturelle","8":"product_tag-demi-tige","9":"pa_altezza-massima-200-fr","10":"pa_altezza-massima-300-fr-2","11":"pa_colore-fioritura-blanc","12":"pa_condizionamento-clt-fr","13":"pa_condizionamento-pot-carre","14":"pa_famiglia-hydrangeaceae-fr","15":"pa_genere-hydrangea-fr","16":"pa_origine-europe-de-lest","17":"pa_periodo-fioritura-aout","18":"pa_periodo-fioritura-octobre","19":"pa_periodo-fioritura-septembre","20":"pa_portamento-allargato-fr","21":"pa_resistenza-climatica-moyenne-elevee","22":"pa_salinita-resistance-a-la-salinisation","23":"pa_utilizzo-parcs","25":"first","26":"instock","27":"purchasable","28":"product-type-simple"},"acf":[],"_links":{"self":[{"href":"https:\/\/innocentiemangonipiante.it\/fr\/wp-json\/wp\/v2\/product\/12846","targetHints":{"allow":["GET"]}}],"collection":[{"href":"https:\/\/innocentiemangonipiante.it\/fr\/wp-json\/wp\/v2\/product"}],"about":[{"href":"https:\/\/innocentiemangonipiante.it\/fr\/wp-json\/wp\/v2\/types\/product"}],"wp:featuredmedia":[{"embeddable":true,"href":"https:\/\/innocentiemangonipiante.it\/fr\/wp-json\/wp\/v2\/media\/3052"}],"wp:attachment":[{"href":"https:\/\/innocentiemangonipiante.it\/fr\/wp-json\/wp\/v2\/media?parent=12846"}],"wp:term":[{"taxonomy":"product_brand","embeddable":true,"href":"https:\/\/innocentiemangonipiante.it\/fr\/wp-json\/wp\/v2\/product_brand?post=12846"},{"taxonomy":"product_cat","embeddable":true,"href":"https:\/\/innocentiemangonipiante.it\/fr\/wp-json\/wp\/v2\/product_cat?post=12846"},{"taxonomy":"product_tag","embeddable":true,"href":"https:\/\/innocentiemangonipiante.it\/fr\/wp-json\/wp\/v2\/product_tag?post=12846"}],"curies":[{"name":"wp","href":"https:\/\/api.w.org\/{rel}","templated":true}]}}