{"id":12850,"date":"2023-11-04T01:13:50","date_gmt":"2023-11-04T00:13:50","guid":{"rendered":"http:\/\/innocentiemangonipiante.it\/hydrangea-macrophylla-bela\/"},"modified":"2023-11-06T14:52:27","modified_gmt":"2023-11-06T13:52:27","slug":"hydrangea-macrophylla-bela","status":"publish","type":"product","link":"https:\/\/innocentiemangonipiante.it\/fr\/hydrangea-macrophylla-bela\/","title":{"rendered":"HYDRANGEA macrophylla &lsquo;Bela&rsquo; \u00ae"},"content":{"rendered":"<p>S\u00e9lection tr\u00e8s vigoureuse et stabile, fleur coriac\u00e9e, tr\u00e8s adapte \u00e0 utilisation d\u00e9corative une fois s\u00e9ch\u00e9e.<\/p>\n","protected":false},"excerpt":{"rendered":"<p>S\u00e9lection tr\u00e8s vigoureuse et stabile, fleur coriac\u00e9e, tr\u00e8s adapte \u00e0 utilisation d\u00e9corative une fois s\u00e9ch\u00e9e.<\/p>\n","protected":false},"featured_media":3022,"template":"","meta":{"_acf_changed":false},"product_brand":[],"product_cat":[8812],"product_tag":[10897],"class_list":{"0":"post-12850","1":"product","2":"type-product","3":"status-publish","4":"has-post-thumbnail","6":"product_cat-arbres-et-arbustes-a-feuilles-caduques","7":"product_tag-naturelle","8":"pa_altezza-massima-100-fr","9":"pa_altezza-massima-150-fr","10":"pa_colore-fioritura-bleu","11":"pa_condizionamento-clt-fr","12":"pa_famiglia-hydrangeaceae-fr","13":"pa_genere-hydrangea-fr","14":"pa_origine-europe-fr","15":"pa_periodo-fioritura-aout","16":"pa_periodo-fioritura-juillet","17":"pa_periodo-fioritura-juin","18":"pa_periodo-fioritura-septembre","19":"pa_portamento-arrondi","20":"pa_resistenza-climatica-tres-elevee","21":"pa_salinita-resistance-a-la-salinisation","22":"pa_utilizzo-parcs","23":"pa_utilizzo-petits-jardins","25":"first","26":"instock","27":"purchasable","28":"product-type-simple"},"acf":[],"_links":{"self":[{"href":"https:\/\/innocentiemangonipiante.it\/fr\/wp-json\/wp\/v2\/product\/12850","targetHints":{"allow":["GET"]}}],"collection":[{"href":"https:\/\/innocentiemangonipiante.it\/fr\/wp-json\/wp\/v2\/product"}],"about":[{"href":"https:\/\/innocentiemangonipiante.it\/fr\/wp-json\/wp\/v2\/types\/product"}],"wp:featuredmedia":[{"embeddable":true,"href":"https:\/\/innocentiemangonipiante.it\/fr\/wp-json\/wp\/v2\/media\/3022"}],"wp:attachment":[{"href":"https:\/\/innocentiemangonipiante.it\/fr\/wp-json\/wp\/v2\/media?parent=12850"}],"wp:term":[{"taxonomy":"product_brand","embeddable":true,"href":"https:\/\/innocentiemangonipiante.it\/fr\/wp-json\/wp\/v2\/product_brand?post=12850"},{"taxonomy":"product_cat","embeddable":true,"href":"https:\/\/innocentiemangonipiante.it\/fr\/wp-json\/wp\/v2\/product_cat?post=12850"},{"taxonomy":"product_tag","embeddable":true,"href":"https:\/\/innocentiemangonipiante.it\/fr\/wp-json\/wp\/v2\/product_tag?post=12850"}],"curies":[{"name":"wp","href":"https:\/\/api.w.org\/{rel}","templated":true}]}}