{"id":12852,"date":"2023-11-04T01:13:44","date_gmt":"2023-11-04T00:13:44","guid":{"rendered":"http:\/\/innocentiemangonipiante.it\/hydrangea-macrophylla\/"},"modified":"2023-11-06T14:52:25","modified_gmt":"2023-11-06T13:52:25","slug":"hydrangea-macrophylla","status":"publish","type":"product","link":"https:\/\/innocentiemangonipiante.it\/fr\/hydrangea-macrophylla\/","title":{"rendered":"HYDRANGEA macrophylla"},"content":{"rendered":"<p>Arbuste \u00e0 feuille caduque, arrondi, aux feuilles amplement ov\u00e9es, brillantes, de couleur vert fonc\u00e9, d\u2019une longueur de 20 cm. \u00c0 la moiti\u00e9 et \u00e0 la fin de l\u2019\u00e9t\u00e9, il donne des fleurs en forme de corymbes d\u2019une largeur de 20 cm aux couleurs exceptionnellement attrayantes. Nous les proposons dans les couleurs blanc-rose-rouge-bleu.<\/p>\n","protected":false},"excerpt":{"rendered":"<p>Arbuste \u00e0 feuille caduque, arrondi, aux feuilles amplement ov\u00e9es, brillantes, de couleur vert fonc\u00e9, d\u2019une longueur de 20 cm. \u00c0 la moiti\u00e9 et \u00e0 la fin de l\u2019\u00e9t\u00e9, il donne des fleurs en forme de corymbes d\u2019une largeur de 20 cm aux couleurs exceptionnellement attrayantes. Nous les proposons dans les couleurs blanc-rose-rouge-bleu.<\/p>\n","protected":false},"featured_media":3016,"template":"","meta":{"_acf_changed":false},"product_brand":[],"product_cat":[8812],"product_tag":[10897],"class_list":{"0":"post-12852","1":"product","2":"type-product","3":"status-publish","4":"has-post-thumbnail","6":"product_cat-arbres-et-arbustes-a-feuilles-caduques","7":"product_tag-naturelle","8":"pa_altezza-massima-100-fr","9":"pa_altezza-massima-150-fr","10":"pa_colore-fioritura-blanc","11":"pa_condizionamento-clt-fr","12":"pa_famiglia-hydrangeaceae-fr","13":"pa_genere-hydrangea-fr","14":"pa_origine-asie","15":"pa_periodo-fioritura-aout","16":"pa_periodo-fioritura-juillet","17":"pa_portamento-arrondi","18":"pa_resistenza-climatica-moyenne-elevee","19":"pa_salinita-resistance-a-la-salinisation","20":"pa_utilizzo-parcs","21":"pa_utilizzo-petits-jardins","23":"first","24":"instock","25":"purchasable","26":"product-type-simple"},"acf":[],"_links":{"self":[{"href":"https:\/\/innocentiemangonipiante.it\/fr\/wp-json\/wp\/v2\/product\/12852","targetHints":{"allow":["GET"]}}],"collection":[{"href":"https:\/\/innocentiemangonipiante.it\/fr\/wp-json\/wp\/v2\/product"}],"about":[{"href":"https:\/\/innocentiemangonipiante.it\/fr\/wp-json\/wp\/v2\/types\/product"}],"wp:featuredmedia":[{"embeddable":true,"href":"https:\/\/innocentiemangonipiante.it\/fr\/wp-json\/wp\/v2\/media\/3016"}],"wp:attachment":[{"href":"https:\/\/innocentiemangonipiante.it\/fr\/wp-json\/wp\/v2\/media?parent=12852"}],"wp:term":[{"taxonomy":"product_brand","embeddable":true,"href":"https:\/\/innocentiemangonipiante.it\/fr\/wp-json\/wp\/v2\/product_brand?post=12852"},{"taxonomy":"product_cat","embeddable":true,"href":"https:\/\/innocentiemangonipiante.it\/fr\/wp-json\/wp\/v2\/product_cat?post=12852"},{"taxonomy":"product_tag","embeddable":true,"href":"https:\/\/innocentiemangonipiante.it\/fr\/wp-json\/wp\/v2\/product_tag?post=12852"}],"curies":[{"name":"wp","href":"https:\/\/api.w.org\/{rel}","templated":true}]}}