{"id":12853,"date":"2023-11-04T01:13:38","date_gmt":"2023-11-04T00:13:38","guid":{"rendered":"http:\/\/innocentiemangonipiante.it\/hydrangea-arborescens-annabelle\/"},"modified":"2023-11-06T14:52:22","modified_gmt":"2023-11-06T13:52:22","slug":"hydrangea-arborescens-annabelle","status":"publish","type":"product","link":"https:\/\/innocentiemangonipiante.it\/fr\/hydrangea-arborescens-annabelle\/","title":{"rendered":"HYDRANGEA arborescens &lsquo;Annabelle&rsquo;"},"content":{"rendered":"<p>Arbuste \u00e0 feuilles caduques et au port touffu. Feuilles ovo\u00efdes de couleur vert fonc\u00e9. En \u00e9t\u00e9, il produit de grandes inflorescences de couleur blanche.<\/p>\n","protected":false},"excerpt":{"rendered":"<p>Arbuste \u00e0 feuilles caduques et au port touffu. Feuilles ovo\u00efdes de couleur vert fonc\u00e9. En \u00e9t\u00e9, il produit de grandes inflorescences de couleur blanche.<\/p>\n","protected":false},"featured_media":3010,"template":"","meta":{"_acf_changed":false},"product_brand":[],"product_cat":[8812],"product_tag":[10897],"class_list":{"0":"post-12853","1":"product","2":"type-product","3":"status-publish","4":"has-post-thumbnail","6":"product_cat-arbres-et-arbustes-a-feuilles-caduques","7":"product_tag-naturelle","8":"pa_altezza-massima-200-fr","9":"pa_altezza-massima-300-fr-2","10":"pa_colore-fioritura-blanc","11":"pa_condizionamento-clt-fr","12":"pa_famiglia-hydrangeaceae-fr","13":"pa_genere-hydrangea-fr","14":"pa_origine-origine-delle-piante-u-s-a","15":"pa_periodo-fioritura-aout","16":"pa_periodo-fioritura-juillet","17":"pa_periodo-fioritura-juin","18":"pa_portamento-arrondi","19":"pa_resistenza-climatica-moyenne-elevee","20":"pa_salinita-resistance-a-la-salinisation","21":"pa_utilizzo-parcs","22":"pa_utilizzo-petits-jardins","24":"first","25":"instock","26":"purchasable","27":"product-type-simple"},"acf":[],"_links":{"self":[{"href":"https:\/\/innocentiemangonipiante.it\/fr\/wp-json\/wp\/v2\/product\/12853","targetHints":{"allow":["GET"]}}],"collection":[{"href":"https:\/\/innocentiemangonipiante.it\/fr\/wp-json\/wp\/v2\/product"}],"about":[{"href":"https:\/\/innocentiemangonipiante.it\/fr\/wp-json\/wp\/v2\/types\/product"}],"wp:featuredmedia":[{"embeddable":true,"href":"https:\/\/innocentiemangonipiante.it\/fr\/wp-json\/wp\/v2\/media\/3010"}],"wp:attachment":[{"href":"https:\/\/innocentiemangonipiante.it\/fr\/wp-json\/wp\/v2\/media?parent=12853"}],"wp:term":[{"taxonomy":"product_brand","embeddable":true,"href":"https:\/\/innocentiemangonipiante.it\/fr\/wp-json\/wp\/v2\/product_brand?post=12853"},{"taxonomy":"product_cat","embeddable":true,"href":"https:\/\/innocentiemangonipiante.it\/fr\/wp-json\/wp\/v2\/product_cat?post=12853"},{"taxonomy":"product_tag","embeddable":true,"href":"https:\/\/innocentiemangonipiante.it\/fr\/wp-json\/wp\/v2\/product_tag?post=12853"}],"curies":[{"name":"wp","href":"https:\/\/api.w.org\/{rel}","templated":true}]}}