{"id":12854,"date":"2023-11-04T01:16:35","date_gmt":"2023-11-04T00:16:35","guid":{"rendered":"http:\/\/innocentiemangonipiante.it\/hypericum-patulum-hidcote\/"},"modified":"2023-11-06T14:54:04","modified_gmt":"2023-11-06T13:54:04","slug":"hypericum-patulum-hidcote","status":"publish","type":"product","link":"https:\/\/innocentiemangonipiante.it\/fr\/hypericum-patulum-hidcote\/","title":{"rendered":"HYPERICUM patulum &lsquo;Hidcote&rsquo;"},"content":{"rendered":"<p>Arbuste buissonnant, de persistant \u00e0 semi-caduc avec folioles lanc\u00e9ol\u00e9es de couleur vert sombre. \u00c0 la moiti\u00e9 de l\u2019\u00e9t\u00e9 et au d\u00e9but de l\u2019automne, il porte de grandes fleurs, en coupe, de couleur jaune d\u2019or, dispos\u00e9es en petits groupes de 5 \u00e0 6 \u00e9l\u00e9ments.<\/p>\n","protected":false},"excerpt":{"rendered":"<p>Arbuste buissonnant, de persistant \u00e0 semi-caduc avec folioles lanc\u00e9ol\u00e9es de couleur vert sombre. \u00c0 la moiti\u00e9 de l\u2019\u00e9t\u00e9 et au d\u00e9but de l\u2019automne, il porte de grandes fleurs, en coupe, de couleur jaune d\u2019or, dispos\u00e9es en petits groupes de 5 \u00e0 6 \u00e9l\u00e9ments.<\/p>\n","protected":false},"featured_media":3130,"template":"","meta":{"_acf_changed":false},"product_brand":[],"product_cat":[8817],"product_tag":[10897],"class_list":{"0":"post-12854","1":"product","2":"type-product","3":"status-publish","4":"has-post-thumbnail","6":"product_cat-arbres-et-arbustes-persistants","7":"product_tag-naturelle","8":"pa_altezza-massima-0_80-metres","9":"pa_altezza-massima-130-fr","10":"pa_colore-fioritura-jaune","11":"pa_condizionamento-clt-fr","12":"pa_famiglia-guttiferae-fr","13":"pa_genere-hypericum-fr","14":"pa_origine-asie-orientale","15":"pa_periodo-fioritura-aout","16":"pa_periodo-fioritura-juillet","17":"pa_periodo-fioritura-septembre","18":"pa_portamento-cespuglioso-fr","19":"pa_resistenza-climatica-tres-elevee","20":"pa_resistenza-del-suolo-resistant-aux-sols-calcaires","21":"pa_resistenza-del-suolo-resistant-aux-sols-secs","22":"pa_salinita-resistance-a-la-salinisation","23":"pa_utilizzo-petits-jardins","25":"first","26":"instock","27":"purchasable","28":"product-type-simple"},"acf":[],"_links":{"self":[{"href":"https:\/\/innocentiemangonipiante.it\/fr\/wp-json\/wp\/v2\/product\/12854","targetHints":{"allow":["GET"]}}],"collection":[{"href":"https:\/\/innocentiemangonipiante.it\/fr\/wp-json\/wp\/v2\/product"}],"about":[{"href":"https:\/\/innocentiemangonipiante.it\/fr\/wp-json\/wp\/v2\/types\/product"}],"wp:featuredmedia":[{"embeddable":true,"href":"https:\/\/innocentiemangonipiante.it\/fr\/wp-json\/wp\/v2\/media\/3130"}],"wp:attachment":[{"href":"https:\/\/innocentiemangonipiante.it\/fr\/wp-json\/wp\/v2\/media?parent=12854"}],"wp:term":[{"taxonomy":"product_brand","embeddable":true,"href":"https:\/\/innocentiemangonipiante.it\/fr\/wp-json\/wp\/v2\/product_brand?post=12854"},{"taxonomy":"product_cat","embeddable":true,"href":"https:\/\/innocentiemangonipiante.it\/fr\/wp-json\/wp\/v2\/product_cat?post=12854"},{"taxonomy":"product_tag","embeddable":true,"href":"https:\/\/innocentiemangonipiante.it\/fr\/wp-json\/wp\/v2\/product_tag?post=12854"}],"curies":[{"name":"wp","href":"https:\/\/api.w.org\/{rel}","templated":true}]}}