{"id":12855,"date":"2023-11-04T01:16:48","date_gmt":"2023-11-04T00:16:48","guid":{"rendered":"http:\/\/innocentiemangonipiante.it\/hypericum-x-moserianum-tricolor\/"},"modified":"2023-11-06T14:54:09","modified_gmt":"2023-11-06T13:54:09","slug":"hypericum-x-moserianum-tricolor","status":"publish","type":"product","link":"https:\/\/innocentiemangonipiante.it\/fr\/hypericum-x-moserianum-tricolor\/","title":{"rendered":"HYPERICUM x moserianum &lsquo;Tricolor&rsquo;"},"content":{"rendered":"<p>Les feuilles sont irreguli\u00e8rement tachet\u00e9es de rouge, jaune et rose. Fleurs abondantes mais plus petites des autres vari\u00e9t\u00e9s.<\/p>\n","protected":false},"excerpt":{"rendered":"<p>Les feuilles sont irreguli\u00e8rement tachet\u00e9es de rouge, jaune et rose. Fleurs abondantes mais plus petites des autres vari\u00e9t\u00e9s.<\/p>\n","protected":false},"featured_media":3142,"template":"","meta":{"_acf_changed":false},"product_brand":[],"product_cat":[8817],"product_tag":[10897],"class_list":{"0":"post-12855","1":"product","2":"type-product","3":"status-publish","4":"has-post-thumbnail","6":"product_cat-arbres-et-arbustes-persistants","7":"product_tag-naturelle","8":"pa_altezza-massima-0_50-metres","9":"pa_altezza-massima-0_75-metres","10":"pa_colore-delle-foglie-panachees","11":"pa_colore-fioritura-jaune","12":"pa_condizionamento-clt-fr","13":"pa_famiglia-guttiferae-fr","14":"pa_genere-hypericum-fr","15":"pa_origine-asie-orientale","16":"pa_periodo-fioritura-aout","17":"pa_periodo-fioritura-juillet","18":"pa_periodo-fioritura-juin","19":"pa_portamento-allargato-fr","20":"pa_resistenza-climatica-tres-elevee","21":"pa_resistenza-del-suolo-resistant-aux-sols-calcaires","22":"pa_resistenza-del-suolo-resistant-aux-sols-secs","23":"pa_salinita-resistance-a-la-salinisation","24":"pa_utilizzo-balcons","25":"pa_utilizzo-petits-jardins","27":"first","28":"instock","29":"purchasable","30":"product-type-simple"},"acf":[],"_links":{"self":[{"href":"https:\/\/innocentiemangonipiante.it\/fr\/wp-json\/wp\/v2\/product\/12855","targetHints":{"allow":["GET"]}}],"collection":[{"href":"https:\/\/innocentiemangonipiante.it\/fr\/wp-json\/wp\/v2\/product"}],"about":[{"href":"https:\/\/innocentiemangonipiante.it\/fr\/wp-json\/wp\/v2\/types\/product"}],"wp:featuredmedia":[{"embeddable":true,"href":"https:\/\/innocentiemangonipiante.it\/fr\/wp-json\/wp\/v2\/media\/3142"}],"wp:attachment":[{"href":"https:\/\/innocentiemangonipiante.it\/fr\/wp-json\/wp\/v2\/media?parent=12855"}],"wp:term":[{"taxonomy":"product_brand","embeddable":true,"href":"https:\/\/innocentiemangonipiante.it\/fr\/wp-json\/wp\/v2\/product_brand?post=12855"},{"taxonomy":"product_cat","embeddable":true,"href":"https:\/\/innocentiemangonipiante.it\/fr\/wp-json\/wp\/v2\/product_cat?post=12855"},{"taxonomy":"product_tag","embeddable":true,"href":"https:\/\/innocentiemangonipiante.it\/fr\/wp-json\/wp\/v2\/product_tag?post=12855"}],"curies":[{"name":"wp","href":"https:\/\/api.w.org\/{rel}","templated":true}]}}