{"id":12857,"date":"2023-11-04T01:16:29","date_gmt":"2023-11-04T00:16:29","guid":{"rendered":"http:\/\/innocentiemangonipiante.it\/hypericum-calycinum\/"},"modified":"2023-11-06T14:54:02","modified_gmt":"2023-11-06T13:54:02","slug":"hypericum-calycinum","status":"publish","type":"product","link":"https:\/\/innocentiemangonipiante.it\/fr\/hypericum-calycinum\/","title":{"rendered":"HYPERICUM calycinum"},"content":{"rendered":"<p>Arbuste nain, persistant avec feuilles de oblongues \u00e0 elliptiques de couleur vert fonc\u00e9. De la moiti\u00e9 de l\u2019\u00e9t\u00e9 \u00e0 la moiti\u00e9 de l\u2019automne il produit des fleurs jaune clair. Tr\u00e8s bon comme plante couvre sol en pleine ombre.<\/p>\n","protected":false},"excerpt":{"rendered":"<p>Arbuste nain, persistant avec feuilles de oblongues \u00e0 elliptiques de couleur vert fonc\u00e9. De la moiti\u00e9 de l\u2019\u00e9t\u00e9 \u00e0 la moiti\u00e9 de l\u2019automne il produit des fleurs jaune clair. Tr\u00e8s bon comme plante couvre sol en pleine ombre.<\/p>\n","protected":false},"featured_media":3124,"template":"","meta":{"_acf_changed":false},"product_brand":[],"product_cat":[8817],"product_tag":[10897],"class_list":{"0":"post-12857","1":"product","2":"type-product","3":"status-publish","4":"has-post-thumbnail","6":"product_cat-arbres-et-arbustes-persistants","7":"product_tag-naturelle","8":"pa_altezza-massima-0_50-metres","9":"pa_altezza-massima-0_75-metres","10":"pa_colore-fioritura-jaune","11":"pa_condizionamento-clt-fr","12":"pa_famiglia-guttiferae-fr","13":"pa_genere-hypericum-fr","14":"pa_inquinamento-resistance-a-la-pollution","15":"pa_origine-europe-centrale","16":"pa_periodo-fioritura-aout","17":"pa_periodo-fioritura-juillet","18":"pa_periodo-fioritura-octobre","19":"pa_periodo-fioritura-septembre","20":"pa_portamento-strisciante-fr","21":"pa_resistenza-climatica-tres-elevee","22":"pa_utilizzo-balcons","23":"pa_utilizzo-petits-jardins","25":"first","26":"instock","27":"purchasable","28":"product-type-simple"},"acf":[],"_links":{"self":[{"href":"https:\/\/innocentiemangonipiante.it\/fr\/wp-json\/wp\/v2\/product\/12857","targetHints":{"allow":["GET"]}}],"collection":[{"href":"https:\/\/innocentiemangonipiante.it\/fr\/wp-json\/wp\/v2\/product"}],"about":[{"href":"https:\/\/innocentiemangonipiante.it\/fr\/wp-json\/wp\/v2\/types\/product"}],"wp:featuredmedia":[{"embeddable":true,"href":"https:\/\/innocentiemangonipiante.it\/fr\/wp-json\/wp\/v2\/media\/3124"}],"wp:attachment":[{"href":"https:\/\/innocentiemangonipiante.it\/fr\/wp-json\/wp\/v2\/media?parent=12857"}],"wp:term":[{"taxonomy":"product_brand","embeddable":true,"href":"https:\/\/innocentiemangonipiante.it\/fr\/wp-json\/wp\/v2\/product_brand?post=12857"},{"taxonomy":"product_cat","embeddable":true,"href":"https:\/\/innocentiemangonipiante.it\/fr\/wp-json\/wp\/v2\/product_cat?post=12857"},{"taxonomy":"product_tag","embeddable":true,"href":"https:\/\/innocentiemangonipiante.it\/fr\/wp-json\/wp\/v2\/product_tag?post=12857"}],"curies":[{"name":"wp","href":"https:\/\/api.w.org\/{rel}","templated":true}]}}