{"id":12860,"date":"2023-11-04T01:20:04","date_gmt":"2023-11-04T00:20:04","guid":{"rendered":"http:\/\/innocentiemangonipiante.it\/ilex-x-nellie-r-stevens\/"},"modified":"2023-11-06T14:56:14","modified_gmt":"2023-11-06T13:56:14","slug":"ilex-x-nellie-r-stevens","status":"publish","type":"product","link":"https:\/\/innocentiemangonipiante.it\/fr\/ilex-x-nellie-r-stevens\/","title":{"rendered":"ILEX x &lsquo;Nellie R. Stevens&rsquo;"},"content":{"rendered":"<p>Arbre persistant, femelle, au port conique avec feuilles vert fonc\u00e9, oblongues-ov\u00e9es, peu \u00e9pineuses, brillantes, d\u2019une longueur de 8 cm. Produit des fruits abondants de couleur rouge \u00e9carlate en forme de baie.<\/p>\n","protected":false},"excerpt":{"rendered":"<p>Arbre persistant, femelle, au port conique avec feuilles vert fonc\u00e9, oblongues-ov\u00e9es, peu \u00e9pineuses, brillantes, d\u2019une longueur de 8 cm. Produit des fruits abondants de couleur rouge \u00e9carlate en forme de baie.<\/p>\n","protected":false},"featured_media":3171,"template":"","meta":{"_acf_changed":false},"product_brand":[],"product_cat":[8817,9230],"product_tag":[10897,8497,6255,8400,8408,8424],"class_list":{"0":"post-12860","1":"product","2":"type-product","3":"status-publish","4":"has-post-thumbnail","6":"product_cat-arbres-et-arbustes-persistants","7":"product_cat-arbres-et-plantes-du-futur","8":"product_tag-naturelle","9":"product_tag-cepee-remontee","10":"product_tag-demi-tige","11":"product_tag-tige","12":"product_tag-tige-cone","13":"product_tag-tige-espalier","14":"pa_altezza-massima-500-fr","15":"pa_altezza-massima-800-fr","16":"pa_colore-fioritura-blanc","17":"pa_condizionamento-clt-fr","18":"pa_condizionamento-coupe-fr","19":"pa_condizionamento-vs-fr","20":"pa_condizionamento-motte","21":"pa_famiglia-aquifoliaceae-fr","22":"pa_genere-ilex-fr","23":"pa_origine-origine-delle-piante-u-s-a","24":"pa_periodo-fioritura-juin","25":"pa_periodo-fioritura-mai","26":"pa_periodo-fruttificazione-novembre-fr","27":"pa_portamento-conico-fr","28":"pa_resistenza-climatica-tres-elevee","29":"pa_salinita-resistance-a-la-salinisation","30":"pa_utilizzo-parcs","31":"pa_utilizzo-petits-jardins","33":"first","34":"instock","35":"purchasable","36":"product-type-simple"},"acf":[],"_links":{"self":[{"href":"https:\/\/innocentiemangonipiante.it\/fr\/wp-json\/wp\/v2\/product\/12860","targetHints":{"allow":["GET"]}}],"collection":[{"href":"https:\/\/innocentiemangonipiante.it\/fr\/wp-json\/wp\/v2\/product"}],"about":[{"href":"https:\/\/innocentiemangonipiante.it\/fr\/wp-json\/wp\/v2\/types\/product"}],"wp:featuredmedia":[{"embeddable":true,"href":"https:\/\/innocentiemangonipiante.it\/fr\/wp-json\/wp\/v2\/media\/3171"}],"wp:attachment":[{"href":"https:\/\/innocentiemangonipiante.it\/fr\/wp-json\/wp\/v2\/media?parent=12860"}],"wp:term":[{"taxonomy":"product_brand","embeddable":true,"href":"https:\/\/innocentiemangonipiante.it\/fr\/wp-json\/wp\/v2\/product_brand?post=12860"},{"taxonomy":"product_cat","embeddable":true,"href":"https:\/\/innocentiemangonipiante.it\/fr\/wp-json\/wp\/v2\/product_cat?post=12860"},{"taxonomy":"product_tag","embeddable":true,"href":"https:\/\/innocentiemangonipiante.it\/fr\/wp-json\/wp\/v2\/product_tag?post=12860"}],"curies":[{"name":"wp","href":"https:\/\/api.w.org\/{rel}","templated":true}]}}