{"id":12861,"date":"2023-11-04T01:19:00","date_gmt":"2023-11-04T00:19:00","guid":{"rendered":"http:\/\/innocentiemangonipiante.it\/ilex-crenata-kinme\/"},"modified":"2023-11-06T14:55:21","modified_gmt":"2023-11-06T13:55:21","slug":"ilex-crenata-kinme","status":"publish","type":"product","link":"https:\/\/innocentiemangonipiante.it\/fr\/ilex-crenata-kinme\/","title":{"rendered":"ILEX crenata &lsquo;Kinme&rsquo;"},"content":{"rendered":"<p>Vari\u00e9t\u00e9 utilis\u00e9e pour les bonsa\u00efs de jardin. Feuille verte fonc\u00e9 luisant, de forme ov\u00e9e de 1-1,5 cm de longueur.<\/p>\n","protected":false},"excerpt":{"rendered":"<p>Vari\u00e9t\u00e9 utilis\u00e9e pour les bonsa\u00efs de jardin. Feuille verte fonc\u00e9 luisant, de forme ov\u00e9e de 1-1,5 cm de longueur.<\/p>\n","protected":false},"featured_media":3164,"template":"","meta":{"_acf_changed":false},"product_brand":[],"product_cat":[8817],"product_tag":[10897,6252,6265,6267,6255,6254,6263,8735,6264],"class_list":{"0":"post-12861","1":"product","2":"type-product","3":"status-publish","4":"has-post-thumbnail","6":"product_cat-arbres-et-arbustes-persistants","7":"product_tag-naturelle","8":"product_tag-bonsai-fr","9":"product_tag-boule","10":"product_tag-cone","11":"product_tag-demi-tige","12":"product_tag-macro-bonsai-fr","13":"product_tag-pompons-fr","14":"product_tag-quart-de-tige","15":"product_tag-spirale-fr","16":"pa_altezza-massima-200-fr","17":"pa_altezza-massima-300-fr-2","18":"pa_colore-fioritura-blanc","19":"pa_condizionamento-bac-d-orangerie","20":"pa_condizionamento-clt-fr","21":"pa_condizionamento-coupe-fr","22":"pa_condizionamento-pot-de-couleur-rouille","23":"pa_condizionamento-vs-fr","24":"pa_condizionamento-pot-carre","25":"pa_famiglia-aquifoliaceae-fr","26":"pa_genere-ilex-fr","27":"pa_inquinamento-resistance-a-la-pollution","28":"pa_origine-asie-orientale","29":"pa_periodo-fioritura-juin","30":"pa_periodo-fioritura-mai","31":"pa_periodo-fruttificazione-novembre-fr","32":"pa_portamento-arrondi","33":"pa_resistenza-climatica-tres-elevee","34":"pa_salinita-resistance-a-la-salinisation","35":"pa_utilizzo-haies","37":"first","38":"instock","39":"purchasable","40":"product-type-simple"},"acf":[],"_links":{"self":[{"href":"https:\/\/innocentiemangonipiante.it\/fr\/wp-json\/wp\/v2\/product\/12861","targetHints":{"allow":["GET"]}}],"collection":[{"href":"https:\/\/innocentiemangonipiante.it\/fr\/wp-json\/wp\/v2\/product"}],"about":[{"href":"https:\/\/innocentiemangonipiante.it\/fr\/wp-json\/wp\/v2\/types\/product"}],"wp:featuredmedia":[{"embeddable":true,"href":"https:\/\/innocentiemangonipiante.it\/fr\/wp-json\/wp\/v2\/media\/3164"}],"wp:attachment":[{"href":"https:\/\/innocentiemangonipiante.it\/fr\/wp-json\/wp\/v2\/media?parent=12861"}],"wp:term":[{"taxonomy":"product_brand","embeddable":true,"href":"https:\/\/innocentiemangonipiante.it\/fr\/wp-json\/wp\/v2\/product_brand?post=12861"},{"taxonomy":"product_cat","embeddable":true,"href":"https:\/\/innocentiemangonipiante.it\/fr\/wp-json\/wp\/v2\/product_cat?post=12861"},{"taxonomy":"product_tag","embeddable":true,"href":"https:\/\/innocentiemangonipiante.it\/fr\/wp-json\/wp\/v2\/product_tag?post=12861"}],"curies":[{"name":"wp","href":"https:\/\/api.w.org\/{rel}","templated":true}]}}