{"id":12862,"date":"2023-11-04T01:18:48","date_gmt":"2023-11-04T00:18:48","guid":{"rendered":"http:\/\/innocentiemangonipiante.it\/ilex-crenata-green-hedge\/"},"modified":"2023-11-06T14:55:14","modified_gmt":"2023-11-06T13:55:14","slug":"ilex-crenata-green-hedge","status":"publish","type":"product","link":"https:\/\/innocentiemangonipiante.it\/fr\/ilex-crenata-green-hedge\/","title":{"rendered":"ILEX crenata &lsquo;Green Hedge&rsquo;"},"content":{"rendered":"<p>S\u00e9lection tr\u00e8s rustique, taille similaire au buxus. Feuillage de couleur vert moyen. Tr\u00e8s indiqu\u00e9 pour la production des topiaires.<\/p>\n","protected":false},"excerpt":{"rendered":"<p>S\u00e9lection tr\u00e8s rustique, taille similaire au buxus. Feuillage de couleur vert moyen. Tr\u00e8s indiqu\u00e9 pour la production des topiaires.<\/p>\n","protected":false},"featured_media":45694,"template":"","meta":{"_acf_changed":false},"product_brand":[],"product_cat":[8817],"product_tag":[10897,6252,6265,6267,6255,6263,8735,6264],"class_list":{"0":"post-12862","1":"product","2":"type-product","3":"status-publish","4":"has-post-thumbnail","6":"product_cat-arbres-et-arbustes-persistants","7":"product_tag-naturelle","8":"product_tag-bonsai-fr","9":"product_tag-boule","10":"product_tag-cone","11":"product_tag-demi-tige","12":"product_tag-pompons-fr","13":"product_tag-quart-de-tige","14":"product_tag-spirale-fr","15":"pa_altezza-massima-200-fr","16":"pa_altezza-massima-300-fr-2","17":"pa_colore-fioritura-blanc","18":"pa_condizionamento-clt-fr","19":"pa_condizionamento-coupe-fr","20":"pa_condizionamento-vs-fr","21":"pa_condizionamento-pot-carre","22":"pa_famiglia-aquifoliaceae-fr","23":"pa_genere-ilex-fr","24":"pa_inquinamento-resistance-a-la-pollution","25":"pa_origine-asie-orientale","26":"pa_periodo-fioritura-juin","27":"pa_periodo-fioritura-mai","28":"pa_periodo-fruttificazione-novembre-fr","29":"pa_portamento-arrondi","30":"pa_resistenza-climatica-tres-elevee","31":"pa_salinita-resistance-a-la-salinisation","32":"pa_utilizzo-haies","34":"first","35":"instock","36":"purchasable","37":"product-type-simple"},"acf":[],"_links":{"self":[{"href":"https:\/\/innocentiemangonipiante.it\/fr\/wp-json\/wp\/v2\/product\/12862","targetHints":{"allow":["GET"]}}],"collection":[{"href":"https:\/\/innocentiemangonipiante.it\/fr\/wp-json\/wp\/v2\/product"}],"about":[{"href":"https:\/\/innocentiemangonipiante.it\/fr\/wp-json\/wp\/v2\/types\/product"}],"wp:featuredmedia":[{"embeddable":true,"href":"https:\/\/innocentiemangonipiante.it\/fr\/wp-json\/wp\/v2\/media\/45694"}],"wp:attachment":[{"href":"https:\/\/innocentiemangonipiante.it\/fr\/wp-json\/wp\/v2\/media?parent=12862"}],"wp:term":[{"taxonomy":"product_brand","embeddable":true,"href":"https:\/\/innocentiemangonipiante.it\/fr\/wp-json\/wp\/v2\/product_brand?post=12862"},{"taxonomy":"product_cat","embeddable":true,"href":"https:\/\/innocentiemangonipiante.it\/fr\/wp-json\/wp\/v2\/product_cat?post=12862"},{"taxonomy":"product_tag","embeddable":true,"href":"https:\/\/innocentiemangonipiante.it\/fr\/wp-json\/wp\/v2\/product_tag?post=12862"}],"curies":[{"name":"wp","href":"https:\/\/api.w.org\/{rel}","templated":true}]}}