{"id":12863,"date":"2023-11-04T01:18:19","date_gmt":"2023-11-04T00:18:19","guid":{"rendered":"http:\/\/innocentiemangonipiante.it\/ilex-crenata-fastigiata\/"},"modified":"2023-11-06T14:55:01","modified_gmt":"2023-11-06T13:55:01","slug":"ilex-crenata-fastigiata","status":"publish","type":"product","link":"https:\/\/innocentiemangonipiante.it\/fr\/ilex-crenata-fastigiata\/","title":{"rendered":"ILEX crenata &lsquo;Fastigiata&rsquo;"},"content":{"rendered":"<p>Arbuste persistant au port \u00e9rig\u00e9, dense et compact. Les feuilles, elliptiques \u00e0 ovales, de couleur vert fonc\u00e9 aux bords l\u00e9g\u00e8rement cr\u00e9nel\u00e9s, rappellent celles d\u2019un Buxus.<\/p>\n","protected":false},"excerpt":{"rendered":"<p>Arbuste persistant au port \u00e9rig\u00e9, dense et compact. Les feuilles, elliptiques \u00e0 ovales, de couleur vert fonc\u00e9 aux bords l\u00e9g\u00e8rement cr\u00e9nel\u00e9s, rappellent celles d\u2019un Buxus.<\/p>\n","protected":false},"featured_media":3156,"template":"","meta":{"_acf_changed":false},"product_brand":[],"product_cat":[8817],"product_tag":[10897],"class_list":{"0":"post-12863","1":"product","2":"type-product","3":"status-publish","4":"has-post-thumbnail","6":"product_cat-arbres-et-arbustes-persistants","7":"product_tag-naturelle","8":"pa_altezza-massima-200-fr","9":"pa_altezza-massima-300-fr-2","10":"pa_colore-fioritura-blanc","11":"pa_condizionamento-clt-fr","12":"pa_famiglia-aquifoliaceae-fr","13":"pa_genere-ilex-fr","14":"pa_inquinamento-resistance-a-la-pollution","15":"pa_origine-asie-orientale","16":"pa_periodo-fioritura-juin","17":"pa_periodo-fioritura-mai","18":"pa_portamento-fastigiato-fr","19":"pa_resistenza-climatica-tres-elevee","20":"pa_salinita-resistance-a-la-salinisation","21":"pa_utilizzo-haies","22":"pa_utilizzo-parcs","23":"pa_utilizzo-petits-jardins","25":"first","26":"instock","27":"purchasable","28":"product-type-simple"},"acf":[],"_links":{"self":[{"href":"https:\/\/innocentiemangonipiante.it\/fr\/wp-json\/wp\/v2\/product\/12863","targetHints":{"allow":["GET"]}}],"collection":[{"href":"https:\/\/innocentiemangonipiante.it\/fr\/wp-json\/wp\/v2\/product"}],"about":[{"href":"https:\/\/innocentiemangonipiante.it\/fr\/wp-json\/wp\/v2\/types\/product"}],"wp:featuredmedia":[{"embeddable":true,"href":"https:\/\/innocentiemangonipiante.it\/fr\/wp-json\/wp\/v2\/media\/3156"}],"wp:attachment":[{"href":"https:\/\/innocentiemangonipiante.it\/fr\/wp-json\/wp\/v2\/media?parent=12863"}],"wp:term":[{"taxonomy":"product_brand","embeddable":true,"href":"https:\/\/innocentiemangonipiante.it\/fr\/wp-json\/wp\/v2\/product_brand?post=12863"},{"taxonomy":"product_cat","embeddable":true,"href":"https:\/\/innocentiemangonipiante.it\/fr\/wp-json\/wp\/v2\/product_cat?post=12863"},{"taxonomy":"product_tag","embeddable":true,"href":"https:\/\/innocentiemangonipiante.it\/fr\/wp-json\/wp\/v2\/product_tag?post=12863"}],"curies":[{"name":"wp","href":"https:\/\/api.w.org\/{rel}","templated":true}]}}