{"id":12865,"date":"2023-11-04T01:17:12","date_gmt":"2023-11-04T00:17:12","guid":{"rendered":"http:\/\/innocentiemangonipiante.it\/ilex-aquifolium-argenteomarginata\/"},"modified":"2023-11-06T14:54:21","modified_gmt":"2023-11-06T13:54:21","slug":"ilex-aquifolium-argenteomarginata","status":"publish","type":"product","link":"https:\/\/innocentiemangonipiante.it\/fr\/ilex-aquifolium-argenteomarginata\/","title":{"rendered":"ILEX aquifolium &lsquo;Argenteomarginata&rsquo;"},"content":{"rendered":"<p>Arbuste persistant au port dense et compact. Les ramifications vertes stri\u00e9es de cr\u00e8me portent des feuilles largement ov\u00e9es, rigides et \u00e9pineuses de couleur verte aux larges bords blanc cr\u00e8me. Les jeunes feuilles se colorent de rose-pourpre. Les sujets femelles donnent des baies de couleur rouge vif.<\/p>\n","protected":false},"excerpt":{"rendered":"<p>Arbuste persistant au port dense et compact. Les ramifications vertes stri\u00e9es de cr\u00e8me portent des feuilles largement ov\u00e9es, rigides et \u00e9pineuses de couleur verte aux larges bords blanc cr\u00e8me. Les jeunes feuilles se colorent de rose-pourpre. Les sujets femelles donnent des baies de couleur rouge vif.<\/p>\n","protected":false},"featured_media":22556,"template":"","meta":{"_acf_changed":false},"product_brand":[],"product_cat":[8817],"product_tag":[10897,6265,6267,6255,8735,8400,8420,8408],"class_list":{"0":"post-12865","1":"product","2":"type-product","3":"status-publish","4":"has-post-thumbnail","6":"product_cat-arbres-et-arbustes-persistants","7":"product_tag-naturelle","8":"product_tag-boule","9":"product_tag-cone","10":"product_tag-demi-tige","11":"product_tag-quart-de-tige","12":"product_tag-tige","13":"product_tag-tige-boule","14":"product_tag-tige-cone","15":"pa_altezza-massima-1000-fr-2","16":"pa_altezza-massima-15-metres","17":"pa_colore-delle-foglie-panachees","18":"pa_colore-fioritura-blanc","19":"pa_condizionamento-clt-fr","20":"pa_condizionamento-vs-fr","21":"pa_famiglia-aquifoliaceae-fr","22":"pa_genere-ilex-fr","23":"pa_origine-asie-orientale","24":"pa_periodo-fioritura-octobre","25":"pa_periodo-fioritura-septembre","26":"pa_periodo-fruttificazione-decembre","27":"pa_periodo-fruttificazione-novembre-fr","28":"pa_portamento-de-colonne","29":"pa_resistenza-climatica-tres-elevee","30":"pa_salinita-resistance-a-la-salinisation","31":"pa_utilizzo-haies","32":"pa_utilizzo-parcs","33":"pa_utilizzo-petits-jardins","35":"first","36":"instock","37":"purchasable","38":"product-type-simple"},"acf":[],"_links":{"self":[{"href":"https:\/\/innocentiemangonipiante.it\/fr\/wp-json\/wp\/v2\/product\/12865","targetHints":{"allow":["GET"]}}],"collection":[{"href":"https:\/\/innocentiemangonipiante.it\/fr\/wp-json\/wp\/v2\/product"}],"about":[{"href":"https:\/\/innocentiemangonipiante.it\/fr\/wp-json\/wp\/v2\/types\/product"}],"wp:featuredmedia":[{"embeddable":true,"href":"https:\/\/innocentiemangonipiante.it\/fr\/wp-json\/wp\/v2\/media\/22556"}],"wp:attachment":[{"href":"https:\/\/innocentiemangonipiante.it\/fr\/wp-json\/wp\/v2\/media?parent=12865"}],"wp:term":[{"taxonomy":"product_brand","embeddable":true,"href":"https:\/\/innocentiemangonipiante.it\/fr\/wp-json\/wp\/v2\/product_brand?post=12865"},{"taxonomy":"product_cat","embeddable":true,"href":"https:\/\/innocentiemangonipiante.it\/fr\/wp-json\/wp\/v2\/product_cat?post=12865"},{"taxonomy":"product_tag","embeddable":true,"href":"https:\/\/innocentiemangonipiante.it\/fr\/wp-json\/wp\/v2\/product_tag?post=12865"}],"curies":[{"name":"wp","href":"https:\/\/api.w.org\/{rel}","templated":true}]}}