{"id":12871,"date":"2023-11-04T01:21:29","date_gmt":"2023-11-04T00:21:29","guid":{"rendered":"http:\/\/innocentiemangonipiante.it\/jasminum-officinalis\/"},"modified":"2023-11-06T14:57:39","modified_gmt":"2023-11-06T13:57:39","slug":"jasminum-officinalis","status":"publish","type":"product","link":"https:\/\/innocentiemangonipiante.it\/fr\/jasminum-officinalis\/","title":{"rendered":"JASMINUM officinalis"},"content":{"rendered":"<p>Grimpant vigoureux, ligneux, caduc aux feuilles oppos\u00e9es penn\u00e9es, vertes, compos\u00e9es de 5 \u00e0 10 folioles elliptiques d\u2019une longueur de 6 cm. A partir de l\u2019\u00e9t\u00e9 jusqu\u2019au d\u00e9but de l\u2019automne, il porte des fleurs blanches, tr\u00e8s parfum\u00e9es, en cymes apicales ombelliformes de 5 \u00e0 6 fleurs.<\/p>\n","protected":false},"excerpt":{"rendered":"<p>Grimpant vigoureux, ligneux, caduc aux feuilles oppos\u00e9es penn\u00e9es, vertes, compos\u00e9es de 5 \u00e0 10 folioles elliptiques d\u2019une longueur de 6 cm. A partir de l\u2019\u00e9t\u00e9 jusqu\u2019au d\u00e9but de l\u2019automne, il porte des fleurs blanches, tr\u00e8s parfum\u00e9es, en cymes apicales ombelliformes de 5 \u00e0 6 fleurs.<\/p>\n","protected":false},"featured_media":3196,"template":"","meta":{"_acf_changed":false},"product_brand":[],"product_cat":[8836],"product_tag":[10897],"class_list":{"0":"post-12871","1":"product","2":"type-product","3":"status-publish","4":"has-post-thumbnail","6":"product_cat-lianes","7":"product_tag-naturelle","8":"pa_altezza-massima-800-fr","9":"pa_altezza-massima-12-metres","10":"pa_colore-fioritura-blanc","11":"pa_condizionamento-clt-fr","12":"pa_condizionamento-vs-fr","13":"pa_famiglia-oleaceae-fr","14":"pa_genere-jasminum-fr","15":"pa_origine-asie","16":"pa_periodo-fioritura-aout","17":"pa_periodo-fioritura-juillet","18":"pa_periodo-fioritura-juin","19":"pa_periodo-fioritura-septembre","20":"pa_portamento-liane","21":"pa_resistenza-climatica-moyenne-elevee","22":"pa_salinita-resistance-a-la-salinisation","23":"pa_utilizzo-parcs","25":"first","26":"instock","27":"purchasable","28":"product-type-simple"},"acf":[],"_links":{"self":[{"href":"https:\/\/innocentiemangonipiante.it\/fr\/wp-json\/wp\/v2\/product\/12871","targetHints":{"allow":["GET"]}}],"collection":[{"href":"https:\/\/innocentiemangonipiante.it\/fr\/wp-json\/wp\/v2\/product"}],"about":[{"href":"https:\/\/innocentiemangonipiante.it\/fr\/wp-json\/wp\/v2\/types\/product"}],"wp:featuredmedia":[{"embeddable":true,"href":"https:\/\/innocentiemangonipiante.it\/fr\/wp-json\/wp\/v2\/media\/3196"}],"wp:attachment":[{"href":"https:\/\/innocentiemangonipiante.it\/fr\/wp-json\/wp\/v2\/media?parent=12871"}],"wp:term":[{"taxonomy":"product_brand","embeddable":true,"href":"https:\/\/innocentiemangonipiante.it\/fr\/wp-json\/wp\/v2\/product_brand?post=12871"},{"taxonomy":"product_cat","embeddable":true,"href":"https:\/\/innocentiemangonipiante.it\/fr\/wp-json\/wp\/v2\/product_cat?post=12871"},{"taxonomy":"product_tag","embeddable":true,"href":"https:\/\/innocentiemangonipiante.it\/fr\/wp-json\/wp\/v2\/product_tag?post=12871"}],"curies":[{"name":"wp","href":"https:\/\/api.w.org\/{rel}","templated":true}]}}