{"id":12872,"date":"2023-11-04T01:21:23","date_gmt":"2023-11-04T00:21:23","guid":{"rendered":"http:\/\/innocentiemangonipiante.it\/jasminum-nudiflorum\/"},"modified":"2023-11-06T14:57:01","modified_gmt":"2023-11-06T13:57:01","slug":"jasminum-nudiflorum","status":"publish","type":"product","link":"https:\/\/innocentiemangonipiante.it\/fr\/jasminum-nudiflorum\/","title":{"rendered":"JASMINUM nudiflorum"},"content":{"rendered":"<p>Arbuste \u00e0 feuille caduque aux branches de couleur vertes, arqu\u00e9es qui portent des feuilles oppos\u00e9es, penn\u00e9es, de couleur vert fonc\u00e9, dont chacune est divis\u00e9e en 3 folioles ovales-oblongues, d\u2019une longueur de 3 cm. En hiver, avant l\u2019apparition des feuilles, s\u2019\u00e9panouissent des fleurs solitaires de couleur jaune brillant.<\/p>\n","protected":false},"excerpt":{"rendered":"<p>Arbuste \u00e0 feuille caduque aux branches de couleur vertes, arqu\u00e9es qui portent des feuilles oppos\u00e9es, penn\u00e9es, de couleur vert fonc\u00e9, dont chacune est divis\u00e9e en 3 folioles ovales-oblongues, d\u2019une longueur de 3 cm. En hiver, avant l\u2019apparition des feuilles, s\u2019\u00e9panouissent des fleurs solitaires de couleur jaune brillant.<\/p>\n","protected":false},"featured_media":3185,"template":"","meta":{"_acf_changed":false},"product_brand":[],"product_cat":[8836],"product_tag":[10897],"class_list":{"0":"post-12872","1":"product","2":"type-product","3":"status-publish","4":"has-post-thumbnail","6":"product_cat-lianes","7":"product_tag-naturelle","8":"pa_altezza-massima-200-fr","9":"pa_altezza-massima-300-fr-2","10":"pa_colore-fioritura-jaune","11":"pa_condizionamento-clt-fr","12":"pa_condizionamento-vs-fr","13":"pa_famiglia-oleaceae-fr","14":"pa_genere-jasminum-fr","15":"pa_origine-asie-orientale","16":"pa_periodo-fioritura-decembre","17":"pa_periodo-fioritura-janvier","18":"pa_periodo-fioritura-novembre-fr","19":"pa_portamento-liane","20":"pa_resistenza-climatica-tres-elevee","21":"pa_resistenza-del-suolo-resistant-aux-sols-calcaires","22":"pa_salinita-resistance-a-la-salinisation","23":"pa_utilizzo-balcons","24":"pa_utilizzo-petits-jardins","26":"first","27":"instock","28":"purchasable","29":"product-type-simple"},"acf":[],"_links":{"self":[{"href":"https:\/\/innocentiemangonipiante.it\/fr\/wp-json\/wp\/v2\/product\/12872","targetHints":{"allow":["GET"]}}],"collection":[{"href":"https:\/\/innocentiemangonipiante.it\/fr\/wp-json\/wp\/v2\/product"}],"about":[{"href":"https:\/\/innocentiemangonipiante.it\/fr\/wp-json\/wp\/v2\/types\/product"}],"wp:featuredmedia":[{"embeddable":true,"href":"https:\/\/innocentiemangonipiante.it\/fr\/wp-json\/wp\/v2\/media\/3185"}],"wp:attachment":[{"href":"https:\/\/innocentiemangonipiante.it\/fr\/wp-json\/wp\/v2\/media?parent=12872"}],"wp:term":[{"taxonomy":"product_brand","embeddable":true,"href":"https:\/\/innocentiemangonipiante.it\/fr\/wp-json\/wp\/v2\/product_brand?post=12872"},{"taxonomy":"product_cat","embeddable":true,"href":"https:\/\/innocentiemangonipiante.it\/fr\/wp-json\/wp\/v2\/product_cat?post=12872"},{"taxonomy":"product_tag","embeddable":true,"href":"https:\/\/innocentiemangonipiante.it\/fr\/wp-json\/wp\/v2\/product_tag?post=12872"}],"curies":[{"name":"wp","href":"https:\/\/api.w.org\/{rel}","templated":true}]}}