{"id":12873,"date":"2023-11-04T01:21:16","date_gmt":"2023-11-04T00:21:16","guid":{"rendered":"http:\/\/innocentiemangonipiante.it\/jasminum-azoricum\/"},"modified":"2023-11-06T14:56:58","modified_gmt":"2023-11-06T13:56:58","slug":"jasminum-azoricum","status":"publish","type":"product","link":"https:\/\/innocentiemangonipiante.it\/fr\/jasminum-azoricum\/","title":{"rendered":"JASMINUM azoricum"},"content":{"rendered":"<p>Grimpant persistant aux feuilles oppos\u00e9es, penn\u00e9es, de couleur vert intense, divis\u00e9es en 3 folioles aux bords ondul\u00e9s d\u2019une longueur de 8 cm. Au printemps et pendant tout l\u2019\u00e9t\u00e9, il porte des cymes apicales de 3 \u00e0 4 fleurs en forme d\u2019\u00e9toile tr\u00e8s parfum\u00e9es et d\u2019une largeur de 2 \u00e0 2,5 cm.<\/p>\n","protected":false},"excerpt":{"rendered":"<p>Grimpant persistant aux feuilles oppos\u00e9es, penn\u00e9es, de couleur vert intense, divis\u00e9es en 3 folioles aux bords ondul\u00e9s d\u2019une longueur de 8 cm. Au printemps et pendant tout l\u2019\u00e9t\u00e9, il porte des cymes apicales de 3 \u00e0 4 fleurs en forme d\u2019\u00e9toile tr\u00e8s parfum\u00e9es et d\u2019une largeur de 2 \u00e0 2,5 cm.<\/p>\n","protected":false},"featured_media":3179,"template":"","meta":{"_acf_changed":false},"product_brand":[],"product_cat":[8836],"product_tag":[10897],"class_list":{"0":"post-12873","1":"product","2":"type-product","3":"status-publish","4":"has-post-thumbnail","6":"product_cat-lianes","7":"product_tag-naturelle","8":"pa_altezza-massima-300-fr-2","9":"pa_altezza-massima-500-fr","10":"pa_colore-fioritura-blanc","11":"pa_condizionamento-clt-fr","12":"pa_famiglia-oleaceae-fr","13":"pa_genere-jasminum-fr","14":"pa_origine-asie-orientale","15":"pa_periodo-fioritura-aout","16":"pa_periodo-fioritura-avril","17":"pa_periodo-fioritura-juillet","18":"pa_periodo-fioritura-juin","19":"pa_periodo-fioritura-mai","20":"pa_portamento-liane","21":"pa_resistenza-climatica-plantes-avec-une-faible-resistance-climatique","22":"pa_utilizzo-parcs","23":"pa_utilizzo-petits-jardins","25":"first","26":"instock","27":"purchasable","28":"product-type-simple"},"acf":[],"_links":{"self":[{"href":"https:\/\/innocentiemangonipiante.it\/fr\/wp-json\/wp\/v2\/product\/12873","targetHints":{"allow":["GET"]}}],"collection":[{"href":"https:\/\/innocentiemangonipiante.it\/fr\/wp-json\/wp\/v2\/product"}],"about":[{"href":"https:\/\/innocentiemangonipiante.it\/fr\/wp-json\/wp\/v2\/types\/product"}],"wp:featuredmedia":[{"embeddable":true,"href":"https:\/\/innocentiemangonipiante.it\/fr\/wp-json\/wp\/v2\/media\/3179"}],"wp:attachment":[{"href":"https:\/\/innocentiemangonipiante.it\/fr\/wp-json\/wp\/v2\/media?parent=12873"}],"wp:term":[{"taxonomy":"product_brand","embeddable":true,"href":"https:\/\/innocentiemangonipiante.it\/fr\/wp-json\/wp\/v2\/product_brand?post=12873"},{"taxonomy":"product_cat","embeddable":true,"href":"https:\/\/innocentiemangonipiante.it\/fr\/wp-json\/wp\/v2\/product_cat?post=12873"},{"taxonomy":"product_tag","embeddable":true,"href":"https:\/\/innocentiemangonipiante.it\/fr\/wp-json\/wp\/v2\/product_tag?post=12873"}],"curies":[{"name":"wp","href":"https:\/\/api.w.org\/{rel}","templated":true}]}}