{"id":12874,"date":"2023-11-04T01:22:03","date_gmt":"2023-11-04T00:22:03","guid":{"rendered":"http:\/\/innocentiemangonipiante.it\/jubaea-chilensis\/"},"modified":"2023-11-06T14:57:51","modified_gmt":"2023-11-06T13:57:51","slug":"jubaea-chilensis","status":"publish","type":"product","link":"https:\/\/innocentiemangonipiante.it\/fr\/jubaea-chilensis\/","title":{"rendered":"JUBAEA chilensis"},"content":{"rendered":"<p>Palme \u00e0 grand d\u00e9veloppement, croissance lente. Le tronc peut atteindre jusqu\u2019\u00e0 5 mt de circonf\u00e9rence \u00e0 maturit\u00e9. Feuilles penn\u00e9es.<\/p>\n","protected":false},"excerpt":{"rendered":"<p>Palme \u00e0 grand d\u00e9veloppement, croissance lente. Le tronc peut atteindre jusqu\u2019\u00e0 5 mt de circonf\u00e9rence \u00e0 maturit\u00e9. Feuilles penn\u00e9es.<\/p>\n","protected":false},"featured_media":3220,"template":"","meta":{"_acf_changed":false},"product_brand":[],"product_cat":[8833],"product_tag":[10897],"class_list":{"0":"post-12874","1":"product","2":"type-product","3":"status-publish","4":"has-post-thumbnail","6":"product_cat-palme-et-succulent","7":"product_tag-naturelle","8":"pa_altezza-massima-20-metres","9":"pa_altezza-massima-30-metres","10":"pa_famiglia-palmae-fr","11":"pa_genere-jubaea-fr","12":"pa_origine-chili","13":"pa_portamento-eretto-fr","14":"pa_resistenza-climatica-tres-elevee","15":"pa_resistenza-del-suolo-resistant-aux-sols-secs","16":"pa_utilizzo-parcs","18":"first","19":"instock","20":"purchasable","21":"product-type-simple"},"acf":[],"_links":{"self":[{"href":"https:\/\/innocentiemangonipiante.it\/fr\/wp-json\/wp\/v2\/product\/12874","targetHints":{"allow":["GET"]}}],"collection":[{"href":"https:\/\/innocentiemangonipiante.it\/fr\/wp-json\/wp\/v2\/product"}],"about":[{"href":"https:\/\/innocentiemangonipiante.it\/fr\/wp-json\/wp\/v2\/types\/product"}],"wp:featuredmedia":[{"embeddable":true,"href":"https:\/\/innocentiemangonipiante.it\/fr\/wp-json\/wp\/v2\/media\/3220"}],"wp:attachment":[{"href":"https:\/\/innocentiemangonipiante.it\/fr\/wp-json\/wp\/v2\/media?parent=12874"}],"wp:term":[{"taxonomy":"product_brand","embeddable":true,"href":"https:\/\/innocentiemangonipiante.it\/fr\/wp-json\/wp\/v2\/product_brand?post=12874"},{"taxonomy":"product_cat","embeddable":true,"href":"https:\/\/innocentiemangonipiante.it\/fr\/wp-json\/wp\/v2\/product_cat?post=12874"},{"taxonomy":"product_tag","embeddable":true,"href":"https:\/\/innocentiemangonipiante.it\/fr\/wp-json\/wp\/v2\/product_tag?post=12874"}],"curies":[{"name":"wp","href":"https:\/\/api.w.org\/{rel}","templated":true}]}}