{"id":12875,"date":"2023-11-04T01:22:15","date_gmt":"2023-11-04T00:22:15","guid":{"rendered":"http:\/\/innocentiemangonipiante.it\/juglans-regia\/"},"modified":"2023-11-06T14:57:56","modified_gmt":"2023-11-06T13:57:56","slug":"juglans-regia","status":"publish","type":"product","link":"https:\/\/innocentiemangonipiante.it\/fr\/juglans-regia\/","title":{"rendered":"JUGLANS regia"},"content":{"rendered":"<p>\u201cNoyer\u201d. Arbre \u00e1 feuilles caduques, vigoureux, ample avec feuilles penn\u00e9es, aromatiques, d\u2019une longueur de 30 cm, compos\u00e9es de 5 \u00e0 10 folioles elliptiques-ov\u00e9es, brillantes, de couleur bronze-pourpr\u00e9e jeunes et ensuite vertes. Les fruits sont sph\u00e9riques, d\u2019une longueur de 3 \u00e0 5 cm, comestibles.<\/p>\n","protected":false},"excerpt":{"rendered":"<p>\u201cNoyer\u201d. Arbre \u00e1 feuilles caduques, vigoureux, ample avec feuilles penn\u00e9es, aromatiques, d\u2019une longueur de 30 cm, compos\u00e9es de 5 \u00e0 10 folioles elliptiques-ov\u00e9es, brillantes, de couleur bronze-pourpr\u00e9e jeunes et ensuite vertes. Les fruits sont sph\u00e9riques, d\u2019une longueur de 3 \u00e0 5 cm, comestibles.<\/p>\n","protected":false},"featured_media":3227,"template":"","meta":{"_acf_changed":false},"product_brand":[],"product_cat":[8812],"product_tag":[10897,6255,8400],"class_list":{"0":"post-12875","1":"product","2":"type-product","3":"status-publish","4":"has-post-thumbnail","6":"product_cat-arbres-et-arbustes-a-feuilles-caduques","7":"product_tag-naturelle","8":"product_tag-demi-tige","9":"product_tag-tige","10":"pa_altezza-massima-20-metres","11":"pa_altezza-massima-30-metres","12":"pa_arte-topiaria-disponible-plante-en-forme","13":"pa_colore-fioritura-jaune","14":"pa_condizionamento-clt-fr","15":"pa_condizionamento-motte","16":"pa_famiglia-juglandaceae-fr","17":"pa_genere-juglans-fr","18":"pa_origine-asie","19":"pa_origine-europe-mediterraneenne","20":"pa_periodo-fioritura-avril","21":"pa_periodo-fruttificazione-octobre","22":"pa_periodo-fruttificazione-septembre","23":"pa_portamento-arrondi","24":"pa_resistenza-climatica-tres-elevee","25":"pa_resistenza-del-suolo-resistant-au-sol-humide","26":"pa_resistenza-del-suolo-resistant-aux-sols-calcaires","27":"pa_salinita-resistance-a-la-salinisation","28":"pa_utilizzo-parcs","30":"first","31":"instock","32":"purchasable","33":"product-type-simple"},"acf":[],"_links":{"self":[{"href":"https:\/\/innocentiemangonipiante.it\/fr\/wp-json\/wp\/v2\/product\/12875","targetHints":{"allow":["GET"]}}],"collection":[{"href":"https:\/\/innocentiemangonipiante.it\/fr\/wp-json\/wp\/v2\/product"}],"about":[{"href":"https:\/\/innocentiemangonipiante.it\/fr\/wp-json\/wp\/v2\/types\/product"}],"wp:featuredmedia":[{"embeddable":true,"href":"https:\/\/innocentiemangonipiante.it\/fr\/wp-json\/wp\/v2\/media\/3227"}],"wp:attachment":[{"href":"https:\/\/innocentiemangonipiante.it\/fr\/wp-json\/wp\/v2\/media?parent=12875"}],"wp:term":[{"taxonomy":"product_brand","embeddable":true,"href":"https:\/\/innocentiemangonipiante.it\/fr\/wp-json\/wp\/v2\/product_brand?post=12875"},{"taxonomy":"product_cat","embeddable":true,"href":"https:\/\/innocentiemangonipiante.it\/fr\/wp-json\/wp\/v2\/product_cat?post=12875"},{"taxonomy":"product_tag","embeddable":true,"href":"https:\/\/innocentiemangonipiante.it\/fr\/wp-json\/wp\/v2\/product_tag?post=12875"}],"curies":[{"name":"wp","href":"https:\/\/api.w.org\/{rel}","templated":true}]}}