{"id":12876,"date":"2023-11-04T01:22:09","date_gmt":"2023-11-04T00:22:09","guid":{"rendered":"http:\/\/innocentiemangonipiante.it\/juglans-nigra\/"},"modified":"2023-11-06T14:57:53","modified_gmt":"2023-11-06T13:57:53","slug":"juglans-nigra","status":"publish","type":"product","link":"https:\/\/innocentiemangonipiante.it\/fr\/juglans-nigra\/","title":{"rendered":"JUGLANS nigra"},"content":{"rendered":"<p>\u2018Noyer noir d\u2019Am\u00e9rique\u2019. Arbre \u00e0 feuille caduque au port ample, vigoureux. Les feuilles sont penn\u00e9es, aromatiques, d\u2019une longueur de 60 cm et compos\u00e9es de 15 \u00e0 25 folioles ov\u00e9es-oblongues de couleur vert fonc\u00e9 qui virent au jaune d\u2019or en automne.<\/p>\n","protected":false},"excerpt":{"rendered":"<p>\u2018Noyer noir d\u2019Am\u00e9rique\u2019. Arbre \u00e0 feuille caduque au port ample, vigoureux. Les feuilles sont penn\u00e9es, aromatiques, d\u2019une longueur de 60 cm et compos\u00e9es de 15 \u00e0 25 folioles ov\u00e9es-oblongues de couleur vert fonc\u00e9 qui virent au jaune d\u2019or en automne.<\/p>\n","protected":false},"featured_media":22677,"template":"","meta":{"_acf_changed":false},"product_brand":[],"product_cat":[8812],"product_tag":[10897,8400],"class_list":{"0":"post-12876","1":"product","2":"type-product","3":"status-publish","4":"has-post-thumbnail","6":"product_cat-arbres-et-arbustes-a-feuilles-caduques","7":"product_tag-naturelle","8":"product_tag-tige","9":"pa_altezza-massima-20-metres","10":"pa_altezza-massima-30-metres","11":"pa_condizionamento-motte","12":"pa_famiglia-juglandaceae-fr","13":"pa_genere-juglans-fr","14":"pa_origine-origine-delle-piante-u-s-a","15":"pa_portamento-conico-fr","16":"pa_resistenza-climatica-tres-elevee","17":"pa_resistenza-del-suolo-resistant-au-sol-humide","18":"pa_resistenza-del-suolo-resistant-aux-sols-calcaires","19":"pa_salinita-resistance-a-la-salinisation","20":"pa_utilizzo-avenues-fr","21":"pa_utilizzo-parcs","23":"first","24":"instock","25":"purchasable","26":"product-type-simple"},"acf":[],"_links":{"self":[{"href":"https:\/\/innocentiemangonipiante.it\/fr\/wp-json\/wp\/v2\/product\/12876","targetHints":{"allow":["GET"]}}],"collection":[{"href":"https:\/\/innocentiemangonipiante.it\/fr\/wp-json\/wp\/v2\/product"}],"about":[{"href":"https:\/\/innocentiemangonipiante.it\/fr\/wp-json\/wp\/v2\/types\/product"}],"wp:featuredmedia":[{"embeddable":true,"href":"https:\/\/innocentiemangonipiante.it\/fr\/wp-json\/wp\/v2\/media\/22677"}],"wp:attachment":[{"href":"https:\/\/innocentiemangonipiante.it\/fr\/wp-json\/wp\/v2\/media?parent=12876"}],"wp:term":[{"taxonomy":"product_brand","embeddable":true,"href":"https:\/\/innocentiemangonipiante.it\/fr\/wp-json\/wp\/v2\/product_brand?post=12876"},{"taxonomy":"product_cat","embeddable":true,"href":"https:\/\/innocentiemangonipiante.it\/fr\/wp-json\/wp\/v2\/product_cat?post=12876"},{"taxonomy":"product_tag","embeddable":true,"href":"https:\/\/innocentiemangonipiante.it\/fr\/wp-json\/wp\/v2\/product_tag?post=12876"}],"curies":[{"name":"wp","href":"https:\/\/api.w.org\/{rel}","templated":true}]}}