{"id":12878,"date":"2023-11-04T01:25:35","date_gmt":"2023-11-04T00:25:35","guid":{"rendered":"http:\/\/innocentiemangonipiante.it\/juniperus-virginiana-skyrocket\/"},"modified":"2023-11-06T14:59:25","modified_gmt":"2023-11-06T13:59:25","slug":"juniperus-virginiana-skyrocket","status":"publish","type":"product","link":"https:\/\/innocentiemangonipiante.it\/fr\/juniperus-virginiana-skyrocket\/","title":{"rendered":"JUNIPERUS virginiana &lsquo;Skyrocket&rsquo;"},"content":{"rendered":"<p>Conif\u00e8re au port \u00e9troitement colonnaire et \u00e0 la ramescence dispos\u00e9e verticalement. Le feuillage est de couleur gris-bleu acier.<\/p>\n","protected":false},"excerpt":{"rendered":"<p>Conif\u00e8re au port \u00e9troitement colonnaire et \u00e0 la ramescence dispos\u00e9e verticalement. Le feuillage est de couleur gris-bleu acier.<\/p>\n","protected":false},"featured_media":3331,"template":"","meta":{"_acf_changed":false},"product_brand":[],"product_cat":[8824],"product_tag":[10897],"class_list":{"0":"post-12878","1":"product","2":"type-product","3":"status-publish","4":"has-post-thumbnail","6":"product_cat-coniferes","7":"product_tag-naturelle","8":"pa_altezza-massima-400-fr","9":"pa_altezza-massima-600-fr","10":"pa_colore-delle-foglie-bleu","11":"pa_condizionamento-clt-fr","12":"pa_condizionamento-vs-fr","13":"pa_famiglia-cupressaceae-fr","14":"pa_genere-juniperus-fr","15":"pa_inquinamento-resistance-a-la-pollution","16":"pa_origine-origine-delle-piante-u-s-a","17":"pa_portamento-de-colonne","18":"pa_resistenza-climatica-tres-elevee","19":"pa_resistenza-del-suolo-resistant-aux-sols-calcaires","20":"pa_resistenza-del-suolo-resistant-aux-sols-secs","21":"pa_salinita-resistance-a-la-salinisation","22":"pa_utilizzo-parcs","23":"pa_utilizzo-petits-jardins","25":"first","26":"instock","27":"purchasable","28":"product-type-simple"},"acf":[],"_links":{"self":[{"href":"https:\/\/innocentiemangonipiante.it\/fr\/wp-json\/wp\/v2\/product\/12878","targetHints":{"allow":["GET"]}}],"collection":[{"href":"https:\/\/innocentiemangonipiante.it\/fr\/wp-json\/wp\/v2\/product"}],"about":[{"href":"https:\/\/innocentiemangonipiante.it\/fr\/wp-json\/wp\/v2\/types\/product"}],"wp:featuredmedia":[{"embeddable":true,"href":"https:\/\/innocentiemangonipiante.it\/fr\/wp-json\/wp\/v2\/media\/3331"}],"wp:attachment":[{"href":"https:\/\/innocentiemangonipiante.it\/fr\/wp-json\/wp\/v2\/media?parent=12878"}],"wp:term":[{"taxonomy":"product_brand","embeddable":true,"href":"https:\/\/innocentiemangonipiante.it\/fr\/wp-json\/wp\/v2\/product_brand?post=12878"},{"taxonomy":"product_cat","embeddable":true,"href":"https:\/\/innocentiemangonipiante.it\/fr\/wp-json\/wp\/v2\/product_cat?post=12878"},{"taxonomy":"product_tag","embeddable":true,"href":"https:\/\/innocentiemangonipiante.it\/fr\/wp-json\/wp\/v2\/product_tag?post=12878"}],"curies":[{"name":"wp","href":"https:\/\/api.w.org\/{rel}","templated":true}]}}