{"id":12879,"date":"2023-11-04T01:25:21","date_gmt":"2023-11-04T00:25:21","guid":{"rendered":"http:\/\/innocentiemangonipiante.it\/juniperus-virginiana-grey-owl\/"},"modified":"2023-11-06T14:59:17","modified_gmt":"2023-11-06T13:59:17","slug":"juniperus-virginiana-grey-owl","status":"publish","type":"product","link":"https:\/\/innocentiemangonipiante.it\/fr\/juniperus-virginiana-grey-owl\/","title":{"rendered":"JUNIPERUS virginiana &lsquo;Grey Owl&rsquo;"},"content":{"rendered":"<p>Grand arbuste au port ample et aux branches horizontales et arqu\u00e9es. Les feuilles sont ov\u00e9es rhombo\u00efdales, squamif\u00e9re, tendres, vertes aux reflets argent\u00e9s. Atteint une largeur de 3-4 m.<\/p>\n","protected":false},"excerpt":{"rendered":"<p>Grand arbuste au port ample et aux branches horizontales et arqu\u00e9es. Les feuilles sont ov\u00e9es rhombo\u00efdales, squamif\u00e9re, tendres, vertes aux reflets argent\u00e9s. Atteint une largeur de 3-4 m.<\/p>\n","protected":false},"featured_media":3325,"template":"","meta":{"_acf_changed":false},"product_brand":[],"product_cat":[8824],"product_tag":[10897,6252,6255],"class_list":{"0":"post-12879","1":"product","2":"type-product","3":"status-publish","4":"has-post-thumbnail","6":"product_cat-coniferes","7":"product_tag-naturelle","8":"product_tag-bonsai-fr","9":"product_tag-demi-tige","10":"pa_altezza-massima-200-fr","11":"pa_altezza-massima-300-fr-2","12":"pa_colore-delle-foglie-grises","13":"pa_condizionamento-clt-fr","14":"pa_condizionamento-coupe-fr","15":"pa_condizionamento-vs-fr","16":"pa_famiglia-cupressaceae-fr","17":"pa_genere-juniperus-fr","18":"pa_inquinamento-resistance-a-la-pollution","19":"pa_origine-hollande","20":"pa_portamento-arcuato-fr","21":"pa_resistenza-climatica-tres-elevee","22":"pa_resistenza-del-suolo-resistant-aux-sols-calcaires","23":"pa_resistenza-del-suolo-resistant-aux-sols-secs","24":"pa_salinita-resistance-a-la-salinisation","25":"pa_utilizzo-parcs","26":"pa_utilizzo-petits-jardins","28":"first","29":"instock","30":"purchasable","31":"product-type-simple"},"acf":[],"_links":{"self":[{"href":"https:\/\/innocentiemangonipiante.it\/fr\/wp-json\/wp\/v2\/product\/12879","targetHints":{"allow":["GET"]}}],"collection":[{"href":"https:\/\/innocentiemangonipiante.it\/fr\/wp-json\/wp\/v2\/product"}],"about":[{"href":"https:\/\/innocentiemangonipiante.it\/fr\/wp-json\/wp\/v2\/types\/product"}],"wp:featuredmedia":[{"embeddable":true,"href":"https:\/\/innocentiemangonipiante.it\/fr\/wp-json\/wp\/v2\/media\/3325"}],"wp:attachment":[{"href":"https:\/\/innocentiemangonipiante.it\/fr\/wp-json\/wp\/v2\/media?parent=12879"}],"wp:term":[{"taxonomy":"product_brand","embeddable":true,"href":"https:\/\/innocentiemangonipiante.it\/fr\/wp-json\/wp\/v2\/product_brand?post=12879"},{"taxonomy":"product_cat","embeddable":true,"href":"https:\/\/innocentiemangonipiante.it\/fr\/wp-json\/wp\/v2\/product_cat?post=12879"},{"taxonomy":"product_tag","embeddable":true,"href":"https:\/\/innocentiemangonipiante.it\/fr\/wp-json\/wp\/v2\/product_tag?post=12879"}],"curies":[{"name":"wp","href":"https:\/\/api.w.org\/{rel}","templated":true}]}}