{"id":12880,"date":"2023-11-04T01:25:07","date_gmt":"2023-11-04T00:25:07","guid":{"rendered":"http:\/\/innocentiemangonipiante.it\/juniperus-squamata-blue-star\/"},"modified":"2023-11-06T14:59:12","modified_gmt":"2023-11-06T13:59:12","slug":"juniperus-squamata-blue-star","status":"publish","type":"product","link":"https:\/\/innocentiemangonipiante.it\/fr\/juniperus-squamata-blue-star\/","title":{"rendered":"JUNIPERUS squamata &lsquo;Blue Star&rsquo;"},"content":{"rendered":"<p>La croissance est lente. Dense et compacte \u00e0 l\u2019\u00e9tat jeune, elle devient sph\u00e9rique au fil des ann\u00e9es. Le feuillage est de couleur bleu-argent\u00e9 tr\u00e8s lumineux. Atteint une largeur de 1 m.<\/p>\n","protected":false},"excerpt":{"rendered":"<p>La croissance est lente. Dense et compacte \u00e0 l\u2019\u00e9tat jeune, elle devient sph\u00e9rique au fil des ann\u00e9es. Le feuillage est de couleur bleu-argent\u00e9 tr\u00e8s lumineux. Atteint une largeur de 1 m.<\/p>\n","protected":false},"featured_media":3319,"template":"","meta":{"_acf_changed":false},"product_brand":[],"product_cat":[8824],"product_tag":[10897],"class_list":{"0":"post-12880","1":"product","2":"type-product","3":"status-publish","4":"has-post-thumbnail","6":"product_cat-coniferes","7":"product_tag-naturelle","8":"pa_altezza-massima-0_50-metres","9":"pa_altezza-massima-100-fr","10":"pa_colore-delle-foglie-bleu","11":"pa_condizionamento-clt-fr","12":"pa_famiglia-cupressaceae-fr","13":"pa_genere-juniperus-fr","14":"pa_inquinamento-resistance-a-la-pollution","15":"pa_origine-hollande","16":"pa_portamento-arrondi","17":"pa_resistenza-climatica-tres-elevee","18":"pa_resistenza-del-suolo-resistant-aux-sols-calcaires","19":"pa_resistenza-del-suolo-resistant-aux-sols-secs","20":"pa_salinita-resistance-a-la-salinisation","21":"pa_utilizzo-petits-jardins","23":"first","24":"instock","25":"purchasable","26":"product-type-simple"},"acf":[],"_links":{"self":[{"href":"https:\/\/innocentiemangonipiante.it\/fr\/wp-json\/wp\/v2\/product\/12880","targetHints":{"allow":["GET"]}}],"collection":[{"href":"https:\/\/innocentiemangonipiante.it\/fr\/wp-json\/wp\/v2\/product"}],"about":[{"href":"https:\/\/innocentiemangonipiante.it\/fr\/wp-json\/wp\/v2\/types\/product"}],"wp:featuredmedia":[{"embeddable":true,"href":"https:\/\/innocentiemangonipiante.it\/fr\/wp-json\/wp\/v2\/media\/3319"}],"wp:attachment":[{"href":"https:\/\/innocentiemangonipiante.it\/fr\/wp-json\/wp\/v2\/media?parent=12880"}],"wp:term":[{"taxonomy":"product_brand","embeddable":true,"href":"https:\/\/innocentiemangonipiante.it\/fr\/wp-json\/wp\/v2\/product_brand?post=12880"},{"taxonomy":"product_cat","embeddable":true,"href":"https:\/\/innocentiemangonipiante.it\/fr\/wp-json\/wp\/v2\/product_cat?post=12880"},{"taxonomy":"product_tag","embeddable":true,"href":"https:\/\/innocentiemangonipiante.it\/fr\/wp-json\/wp\/v2\/product_tag?post=12880"}],"curies":[{"name":"wp","href":"https:\/\/api.w.org\/{rel}","templated":true}]}}