{"id":12883,"date":"2023-11-04T01:24:42","date_gmt":"2023-11-04T00:24:42","guid":{"rendered":"http:\/\/innocentiemangonipiante.it\/juniperus-sabina-tamariscifolia\/"},"modified":"2023-11-06T14:58:57","modified_gmt":"2023-11-06T13:58:57","slug":"juniperus-sabina-tamariscifolia","status":"publish","type":"product","link":"https:\/\/innocentiemangonipiante.it\/fr\/juniperus-sabina-tamariscifolia\/","title":{"rendered":"JUNIPERUS sabina &lsquo;Tamariscifolia&rsquo;"},"content":{"rendered":"<p>Forme basse et aplatie avec des \u00e9tages horizontaux de feuilles allant du vert brillant au vert bleu\u00e2tre, courtes et pointues. Atteint une largeur de 2 \u00e0 2,50 m.<\/p>\n","protected":false},"excerpt":{"rendered":"<p>Forme basse et aplatie avec des \u00e9tages horizontaux de feuilles allant du vert brillant au vert bleu\u00e2tre, courtes et pointues. Atteint une largeur de 2 \u00e0 2,50 m.<\/p>\n","protected":false},"featured_media":3306,"template":"","meta":{"_acf_changed":false},"product_brand":[],"product_cat":[8824],"product_tag":[10897,6252,6255],"class_list":{"0":"post-12883","1":"product","2":"type-product","3":"status-publish","4":"has-post-thumbnail","6":"product_cat-coniferes","7":"product_tag-naturelle","8":"product_tag-bonsai-fr","9":"product_tag-demi-tige","10":"pa_altezza-massima-0_50-metres","11":"pa_altezza-massima-100-fr","12":"pa_condizionamento-clt-fr","13":"pa_condizionamento-coupe-fr","14":"pa_condizionamento-vs-fr","15":"pa_famiglia-cupressaceae-fr","16":"pa_genere-juniperus-fr","17":"pa_inquinamento-resistance-a-la-pollution","18":"pa_origine-origine-delle-piante-u-s-a","19":"pa_periodo-fruttificazione-octobre","20":"pa_periodo-fruttificazione-septembre","21":"pa_portamento-allargato-fr","22":"pa_resistenza-climatica-tres-elevee","23":"pa_resistenza-del-suolo-resistant-aux-sols-calcaires","24":"pa_resistenza-del-suolo-resistant-aux-sols-secs","25":"pa_salinita-resistance-a-la-salinisation","26":"pa_utilizzo-parcs","28":"first","29":"instock","30":"purchasable","31":"product-type-simple"},"acf":[],"_links":{"self":[{"href":"https:\/\/innocentiemangonipiante.it\/fr\/wp-json\/wp\/v2\/product\/12883","targetHints":{"allow":["GET"]}}],"collection":[{"href":"https:\/\/innocentiemangonipiante.it\/fr\/wp-json\/wp\/v2\/product"}],"about":[{"href":"https:\/\/innocentiemangonipiante.it\/fr\/wp-json\/wp\/v2\/types\/product"}],"wp:featuredmedia":[{"embeddable":true,"href":"https:\/\/innocentiemangonipiante.it\/fr\/wp-json\/wp\/v2\/media\/3306"}],"wp:attachment":[{"href":"https:\/\/innocentiemangonipiante.it\/fr\/wp-json\/wp\/v2\/media?parent=12883"}],"wp:term":[{"taxonomy":"product_brand","embeddable":true,"href":"https:\/\/innocentiemangonipiante.it\/fr\/wp-json\/wp\/v2\/product_brand?post=12883"},{"taxonomy":"product_cat","embeddable":true,"href":"https:\/\/innocentiemangonipiante.it\/fr\/wp-json\/wp\/v2\/product_cat?post=12883"},{"taxonomy":"product_tag","embeddable":true,"href":"https:\/\/innocentiemangonipiante.it\/fr\/wp-json\/wp\/v2\/product_tag?post=12883"}],"curies":[{"name":"wp","href":"https:\/\/api.w.org\/{rel}","templated":true}]}}