{"id":12884,"date":"2023-11-04T01:24:29","date_gmt":"2023-11-04T00:24:29","guid":{"rendered":"http:\/\/innocentiemangonipiante.it\/juniperus-procumbens-nana\/"},"modified":"2023-11-06T14:58:52","modified_gmt":"2023-11-06T13:58:52","slug":"juniperus-procumbens-nana","status":"publish","type":"product","link":"https:\/\/innocentiemangonipiante.it\/fr\/juniperus-procumbens-nana\/","title":{"rendered":"JUNIPERUS procumbens &lsquo;Nana&rsquo;"},"content":{"rendered":"<p>Arbuste nain, tapissant. Les branches charpenti\u00e8res, souvent retombantes, portent de nombreux rameaux courts et \u00e9rig\u00e9s couverts de feuilles de couleur vert-bleu\u00e2tre. Atteint une largeur de 1,50 m.<\/p>\n","protected":false},"excerpt":{"rendered":"<p>Arbuste nain, tapissant. Les branches charpenti\u00e8res, souvent retombantes, portent de nombreux rameaux courts et \u00e9rig\u00e9s couverts de feuilles de couleur vert-bleu\u00e2tre. Atteint une largeur de 1,50 m.<\/p>\n","protected":false},"featured_media":3300,"template":"","meta":{"_acf_changed":false},"product_brand":[],"product_cat":[8824],"product_tag":[10897,6252,6255],"class_list":{"0":"post-12884","1":"product","2":"type-product","3":"status-publish","4":"has-post-thumbnail","6":"product_cat-coniferes","7":"product_tag-naturelle","8":"product_tag-bonsai-fr","9":"product_tag-demi-tige","10":"pa_altezza-massima-0_50-metres","11":"pa_altezza-massima-0_75-metres","12":"pa_colore-delle-foglie-bleu","13":"pa_condizionamento-clt-fr","14":"pa_condizionamento-coupe-fr","15":"pa_condizionamento-vs-fr","16":"pa_famiglia-cupressaceae-fr","17":"pa_genere-juniperus-fr","18":"pa_inquinamento-resistance-a-la-pollution","19":"pa_origine-japon","20":"pa_portamento-strisciante-fr","21":"pa_resistenza-climatica-tres-elevee","22":"pa_resistenza-del-suolo-resistant-aux-sols-secs","23":"pa_salinita-resistance-a-la-salinisation","24":"pa_utilizzo-parcs","26":"first","27":"instock","28":"purchasable","29":"product-type-simple"},"acf":[],"_links":{"self":[{"href":"https:\/\/innocentiemangonipiante.it\/fr\/wp-json\/wp\/v2\/product\/12884","targetHints":{"allow":["GET"]}}],"collection":[{"href":"https:\/\/innocentiemangonipiante.it\/fr\/wp-json\/wp\/v2\/product"}],"about":[{"href":"https:\/\/innocentiemangonipiante.it\/fr\/wp-json\/wp\/v2\/types\/product"}],"wp:featuredmedia":[{"embeddable":true,"href":"https:\/\/innocentiemangonipiante.it\/fr\/wp-json\/wp\/v2\/media\/3300"}],"wp:attachment":[{"href":"https:\/\/innocentiemangonipiante.it\/fr\/wp-json\/wp\/v2\/media?parent=12884"}],"wp:term":[{"taxonomy":"product_brand","embeddable":true,"href":"https:\/\/innocentiemangonipiante.it\/fr\/wp-json\/wp\/v2\/product_brand?post=12884"},{"taxonomy":"product_cat","embeddable":true,"href":"https:\/\/innocentiemangonipiante.it\/fr\/wp-json\/wp\/v2\/product_cat?post=12884"},{"taxonomy":"product_tag","embeddable":true,"href":"https:\/\/innocentiemangonipiante.it\/fr\/wp-json\/wp\/v2\/product_tag?post=12884"}],"curies":[{"name":"wp","href":"https:\/\/api.w.org\/{rel}","templated":true}]}}