{"id":12891,"date":"2023-11-04T01:24:16","date_gmt":"2023-11-04T00:24:16","guid":{"rendered":"http:\/\/innocentiemangonipiante.it\/juniperus-horizontalis-prince-of-wales\/"},"modified":"2023-11-06T14:58:47","modified_gmt":"2023-11-06T13:58:47","slug":"juniperus-horizontalis-prince-of-wales","status":"publish","type":"product","link":"https:\/\/innocentiemangonipiante.it\/fr\/juniperus-horizontalis-prince-of-wales\/","title":{"rendered":"JUNIPERUS horizontalis &lsquo;Prince of Wales&rsquo;"},"content":{"rendered":"<p>Arbuste nain \u00e0 la forme dense, excellent comme couvre-sol. Le feuillage est squamif\u00e9re, vert brillant qui vire au rouge\u00e2tre en hiver. Atteint une largeur de 2,5 m.<\/p>\n","protected":false},"excerpt":{"rendered":"<p>Arbuste nain \u00e0 la forme dense, excellent comme couvre-sol. Le feuillage est squamif\u00e9re, vert brillant qui vire au rouge\u00e2tre en hiver. Atteint une largeur de 2,5 m.<\/p>\n","protected":false},"featured_media":3288,"template":"","meta":{"_acf_changed":false},"product_brand":[],"product_cat":[8824],"product_tag":[10897,6252,6255],"class_list":{"0":"post-12891","1":"product","2":"type-product","3":"status-publish","4":"has-post-thumbnail","6":"product_cat-coniferes","7":"product_tag-naturelle","8":"product_tag-bonsai-fr","9":"product_tag-demi-tige","10":"pa_altezza-massima-0_50-metres","11":"pa_altezza-massima-0_75-metres","12":"pa_condizionamento-clt-fr","13":"pa_condizionamento-coupe-fr","14":"pa_condizionamento-vs-fr","15":"pa_famiglia-cupressaceae-fr","16":"pa_genere-juniperus-fr","17":"pa_inquinamento-resistance-a-la-pollution","18":"pa_origine-canada-fr","19":"pa_portamento-strisciante-fr","20":"pa_resistenza-climatica-tres-elevee","21":"pa_resistenza-del-suolo-resistant-aux-sols-secs","22":"pa_salinita-resistance-a-la-salinisation","23":"pa_utilizzo-parcs","25":"first","26":"instock","27":"purchasable","28":"product-type-simple"},"acf":[],"_links":{"self":[{"href":"https:\/\/innocentiemangonipiante.it\/fr\/wp-json\/wp\/v2\/product\/12891","targetHints":{"allow":["GET"]}}],"collection":[{"href":"https:\/\/innocentiemangonipiante.it\/fr\/wp-json\/wp\/v2\/product"}],"about":[{"href":"https:\/\/innocentiemangonipiante.it\/fr\/wp-json\/wp\/v2\/types\/product"}],"wp:featuredmedia":[{"embeddable":true,"href":"https:\/\/innocentiemangonipiante.it\/fr\/wp-json\/wp\/v2\/media\/3288"}],"wp:attachment":[{"href":"https:\/\/innocentiemangonipiante.it\/fr\/wp-json\/wp\/v2\/media?parent=12891"}],"wp:term":[{"taxonomy":"product_brand","embeddable":true,"href":"https:\/\/innocentiemangonipiante.it\/fr\/wp-json\/wp\/v2\/product_brand?post=12891"},{"taxonomy":"product_cat","embeddable":true,"href":"https:\/\/innocentiemangonipiante.it\/fr\/wp-json\/wp\/v2\/product_cat?post=12891"},{"taxonomy":"product_tag","embeddable":true,"href":"https:\/\/innocentiemangonipiante.it\/fr\/wp-json\/wp\/v2\/product_tag?post=12891"}],"curies":[{"name":"wp","href":"https:\/\/api.w.org\/{rel}","templated":true}]}}