{"id":12900,"date":"2023-11-04T01:22:56","date_gmt":"2023-11-04T00:22:56","guid":{"rendered":"http:\/\/innocentiemangonipiante.it\/juniperus-chinensis-mint-julep\/"},"modified":"2023-11-06T14:58:12","modified_gmt":"2023-11-06T13:58:12","slug":"juniperus-chinensis-mint-julep","status":"publish","type":"product","link":"https:\/\/innocentiemangonipiante.it\/fr\/juniperus-chinensis-mint-julep\/","title":{"rendered":"JUNIPERUS chinensis &lsquo;Mint Julep&rsquo; \u00ae"},"content":{"rendered":"<p>Arbuste au port ample et aux branches \u00e9rig\u00e9es, l\u00e9g\u00e8rement arqu\u00e9es dont les extr\u00e9mit\u00e9s retombent \u00e9l\u00e9gamment. Le feuillage est vert lumineux. Il peut atteindre une largeur de 4 m.<\/p>\n","protected":false},"excerpt":{"rendered":"<p>Arbuste au port ample et aux branches \u00e9rig\u00e9es, l\u00e9g\u00e8rement arqu\u00e9es dont les extr\u00e9mit\u00e9s retombent \u00e9l\u00e9gamment. Le feuillage est vert lumineux. Il peut atteindre une largeur de 4 m.<\/p>\n","protected":false},"featured_media":3233,"template":"","meta":{"_acf_changed":false},"product_brand":[],"product_cat":[8824],"product_tag":[10897,6252,6255,6266,8735],"class_list":{"0":"post-12900","1":"product","2":"type-product","3":"status-publish","4":"has-post-thumbnail","6":"product_cat-coniferes","7":"product_tag-naturelle","8":"product_tag-bonsai-fr","9":"product_tag-demi-tige","10":"product_tag-jardiniere","11":"product_tag-quart-de-tige","12":"pa_altezza-massima-200-fr","13":"pa_altezza-massima-300-fr-2","14":"pa_condizionamento-clt-fr","15":"pa_condizionamento-coupe-fr","16":"pa_condizionamento-vs-fr","17":"pa_famiglia-cupressaceae-fr","18":"pa_genere-juniperus-fr","19":"pa_inquinamento-resistance-a-la-pollution","20":"pa_origine-asie-orientale","21":"pa_periodo-fruttificazione-octobre","22":"pa_periodo-fruttificazione-septembre","23":"pa_portamento-eretto-fr","24":"pa_profumo-delicat","25":"pa_resistenza-climatica-tres-elevee","26":"pa_resistenza-del-suolo-resistant-aux-sols-calcaires","27":"pa_resistenza-del-suolo-resistant-aux-sols-secs","28":"pa_salinita-resistance-a-la-salinisation","29":"pa_utilizzo-balcons","30":"pa_utilizzo-haies","31":"pa_utilizzo-petits-jardins","33":"first","34":"instock","35":"purchasable","36":"product-type-simple"},"acf":[],"_links":{"self":[{"href":"https:\/\/innocentiemangonipiante.it\/fr\/wp-json\/wp\/v2\/product\/12900","targetHints":{"allow":["GET"]}}],"collection":[{"href":"https:\/\/innocentiemangonipiante.it\/fr\/wp-json\/wp\/v2\/product"}],"about":[{"href":"https:\/\/innocentiemangonipiante.it\/fr\/wp-json\/wp\/v2\/types\/product"}],"wp:featuredmedia":[{"embeddable":true,"href":"https:\/\/innocentiemangonipiante.it\/fr\/wp-json\/wp\/v2\/media\/3233"}],"wp:attachment":[{"href":"https:\/\/innocentiemangonipiante.it\/fr\/wp-json\/wp\/v2\/media?parent=12900"}],"wp:term":[{"taxonomy":"product_brand","embeddable":true,"href":"https:\/\/innocentiemangonipiante.it\/fr\/wp-json\/wp\/v2\/product_brand?post=12900"},{"taxonomy":"product_cat","embeddable":true,"href":"https:\/\/innocentiemangonipiante.it\/fr\/wp-json\/wp\/v2\/product_cat?post=12900"},{"taxonomy":"product_tag","embeddable":true,"href":"https:\/\/innocentiemangonipiante.it\/fr\/wp-json\/wp\/v2\/product_tag?post=12900"}],"curies":[{"name":"wp","href":"https:\/\/api.w.org\/{rel}","templated":true}]}}