{"id":12901,"date":"2023-11-04T01:26:58","date_gmt":"2023-11-04T00:26:58","guid":{"rendered":"http:\/\/innocentiemangonipiante.it\/kerria-japonica\/"},"modified":"2023-11-06T15:00:38","modified_gmt":"2023-11-06T14:00:38","slug":"kerria-japonica","status":"publish","type":"product","link":"https:\/\/innocentiemangonipiante.it\/fr\/kerria-japonica\/","title":{"rendered":"KERRIA japonica"},"content":{"rendered":"<p>Arbuste \u00e0 feuille caduque aux feuilles ov\u00e9es, pointues, dentel\u00e9es, de couleur vert brillant. La floraison est jaune \u00e0 la moiti\u00e9 du printemps.<\/p>\n","protected":false},"excerpt":{"rendered":"<p>Arbuste \u00e0 feuille caduque aux feuilles ov\u00e9es, pointues, dentel\u00e9es, de couleur vert brillant. La floraison est jaune \u00e0 la moiti\u00e9 du printemps.<\/p>\n","protected":false},"featured_media":3362,"template":"","meta":{"_acf_changed":false},"product_brand":[],"product_cat":[8812],"product_tag":[10897],"class_list":{"0":"post-12901","1":"product","2":"type-product","3":"status-publish","4":"has-post-thumbnail","6":"product_cat-arbres-et-arbustes-a-feuilles-caduques","7":"product_tag-naturelle","8":"pa_altezza-massima-200-fr","9":"pa_altezza-massima-300-fr-2","10":"pa_colore-fioritura-jaune","11":"pa_condizionamento-clt-fr","12":"pa_famiglia-rosaceae-fr","13":"pa_genere-kerria-fr","14":"pa_origine-asie-orientale","15":"pa_periodo-fioritura-avril","16":"pa_periodo-fioritura-mai","17":"pa_portamento-cespuglioso-fr","18":"pa_resistenza-climatica-tres-elevee","19":"pa_salinita-resistance-a-la-salinisation","20":"pa_utilizzo-balcons","21":"pa_utilizzo-petits-jardins","23":"first","24":"instock","25":"purchasable","26":"product-type-simple"},"acf":[],"_links":{"self":[{"href":"https:\/\/innocentiemangonipiante.it\/fr\/wp-json\/wp\/v2\/product\/12901","targetHints":{"allow":["GET"]}}],"collection":[{"href":"https:\/\/innocentiemangonipiante.it\/fr\/wp-json\/wp\/v2\/product"}],"about":[{"href":"https:\/\/innocentiemangonipiante.it\/fr\/wp-json\/wp\/v2\/types\/product"}],"wp:featuredmedia":[{"embeddable":true,"href":"https:\/\/innocentiemangonipiante.it\/fr\/wp-json\/wp\/v2\/media\/3362"}],"wp:attachment":[{"href":"https:\/\/innocentiemangonipiante.it\/fr\/wp-json\/wp\/v2\/media?parent=12901"}],"wp:term":[{"taxonomy":"product_brand","embeddable":true,"href":"https:\/\/innocentiemangonipiante.it\/fr\/wp-json\/wp\/v2\/product_brand?post=12901"},{"taxonomy":"product_cat","embeddable":true,"href":"https:\/\/innocentiemangonipiante.it\/fr\/wp-json\/wp\/v2\/product_cat?post=12901"},{"taxonomy":"product_tag","embeddable":true,"href":"https:\/\/innocentiemangonipiante.it\/fr\/wp-json\/wp\/v2\/product_tag?post=12901"}],"curies":[{"name":"wp","href":"https:\/\/api.w.org\/{rel}","templated":true}]}}