{"id":12902,"date":"2023-11-04T01:27:51","date_gmt":"2023-11-04T00:27:51","guid":{"rendered":"http:\/\/innocentiemangonipiante.it\/koelreuteria-paniculata-fastigiata\/"},"modified":"2023-11-06T15:01:01","modified_gmt":"2023-11-06T14:01:01","slug":"koelreuteria-paniculata-fastigiata","status":"publish","type":"product","link":"https:\/\/innocentiemangonipiante.it\/fr\/koelreuteria-paniculata-fastigiata\/","title":{"rendered":"KOELREUTERIA paniculata &lsquo;Fastigiata&rsquo;"},"content":{"rendered":"<p>Forme colonnaire \u00e9troite. Caract\u00e9ristiques comme l\u2019esp\u00e8ce type. Tr\u00e8s adapt\u00e9 pour parcs et avenues \u00e9troites.<\/p>\n","protected":false},"excerpt":{"rendered":"<p>Forme colonnaire \u00e9troite. Caract\u00e9ristiques comme l\u2019esp\u00e8ce type. Tr\u00e8s adapt\u00e9 pour parcs et avenues \u00e9troites.<\/p>\n","protected":false},"featured_media":3380,"template":"","meta":{"_acf_changed":false},"product_brand":[],"product_cat":[8812],"product_tag":[10897,8400],"class_list":{"0":"post-12902","1":"product","2":"type-product","3":"status-publish","4":"has-post-thumbnail","6":"product_cat-arbres-et-arbustes-a-feuilles-caduques","7":"product_tag-naturelle","8":"product_tag-tige","9":"pa_altezza-massima-800-fr","10":"pa_altezza-massima-12-metres","11":"pa_colore-fioritura-jaune","12":"pa_condizionamento-clt-fr","13":"pa_condizionamento-motte","14":"pa_famiglia-sapindaceae-fr","15":"pa_genere-koelreuteria-fr","16":"pa_inquinamento-resistance-a-la-pollution","17":"pa_origine-asie-orientale","18":"pa_periodo-fioritura-aout","19":"pa_periodo-fioritura-septembre","20":"pa_portamento-fastigiato-fr","21":"pa_resistenza-climatica-moyenne-elevee","22":"pa_resistenza-del-suolo-resistant-aux-sols-calcaires","23":"pa_resistenza-del-suolo-resistant-aux-sols-secs","24":"pa_utilizzo-parcs","25":"pa_utilizzo-petits-jardins","27":"first","28":"instock","29":"purchasable","30":"product-type-simple"},"acf":[],"_links":{"self":[{"href":"https:\/\/innocentiemangonipiante.it\/fr\/wp-json\/wp\/v2\/product\/12902","targetHints":{"allow":["GET"]}}],"collection":[{"href":"https:\/\/innocentiemangonipiante.it\/fr\/wp-json\/wp\/v2\/product"}],"about":[{"href":"https:\/\/innocentiemangonipiante.it\/fr\/wp-json\/wp\/v2\/types\/product"}],"wp:featuredmedia":[{"embeddable":true,"href":"https:\/\/innocentiemangonipiante.it\/fr\/wp-json\/wp\/v2\/media\/3380"}],"wp:attachment":[{"href":"https:\/\/innocentiemangonipiante.it\/fr\/wp-json\/wp\/v2\/media?parent=12902"}],"wp:term":[{"taxonomy":"product_brand","embeddable":true,"href":"https:\/\/innocentiemangonipiante.it\/fr\/wp-json\/wp\/v2\/product_brand?post=12902"},{"taxonomy":"product_cat","embeddable":true,"href":"https:\/\/innocentiemangonipiante.it\/fr\/wp-json\/wp\/v2\/product_cat?post=12902"},{"taxonomy":"product_tag","embeddable":true,"href":"https:\/\/innocentiemangonipiante.it\/fr\/wp-json\/wp\/v2\/product_tag?post=12902"}],"curies":[{"name":"wp","href":"https:\/\/api.w.org\/{rel}","templated":true}]}}