{"id":12904,"date":"2023-11-04T01:27:36","date_gmt":"2023-11-04T00:27:36","guid":{"rendered":"http:\/\/innocentiemangonipiante.it\/koelreuteria-paniculata\/"},"modified":"2023-11-06T15:00:51","modified_gmt":"2023-11-06T14:00:51","slug":"koelreuteria-paniculata","status":"publish","type":"product","link":"https:\/\/innocentiemangonipiante.it\/fr\/koelreuteria-paniculata\/","title":{"rendered":"KOELREUTERIA paniculata"},"content":{"rendered":"<p>\u201cSavonnier\u201d. Arbre \u00e0 feuille caduque aux feuilles vertes, penn\u00e9es, d\u2019une longueur de 45 cm, compos\u00e9es de 7-15 feuilles plus petites. Floraison \u00e0 la moiti\u00e9 de l\u2019\u00e9t\u00e9 constitu\u00e9e de panicules de fleurs jaunes. Elles sont remplac\u00e9es par des fruits blancs nuanc\u00e9s de rose et de rouge. Tr\u00e8s adapt\u00e9 au milieu urbain \u00e0 condition qu\u2019il soit bien expos\u00e9 \u00e0 la lumi\u00e8re.<\/p>\n","protected":false},"excerpt":{"rendered":"<p>\u201cSavonnier\u201d. Arbre \u00e0 feuille caduque aux feuilles vertes, penn\u00e9es, d\u2019une longueur de 45 cm, compos\u00e9es de 7-15 feuilles plus petites. Floraison \u00e0 la moiti\u00e9 de l\u2019\u00e9t\u00e9 constitu\u00e9e de panicules de fleurs jaunes. Elles sont remplac\u00e9es par des fruits blancs nuanc\u00e9s de rose et de rouge. Tr\u00e8s adapt\u00e9 au milieu urbain \u00e0 condition qu\u2019il soit bien [&hellip;]<\/p>\n","protected":false},"featured_media":3373,"template":"","meta":{"_acf_changed":false},"product_brand":[],"product_cat":[8812,9230],"product_tag":[10897,8596,8400],"class_list":{"0":"post-12904","1":"product","2":"type-product","3":"status-publish","4":"has-post-thumbnail","6":"product_cat-arbres-et-arbustes-a-feuilles-caduques","7":"product_cat-arbres-et-plantes-du-futur","8":"product_tag-naturelle","9":"product_tag-cepee","10":"product_tag-tige","11":"pa_altezza-massima-800-fr","12":"pa_altezza-massima-1000-fr-2","13":"pa_colore-fioritura-jaune","14":"pa_condizionamento-clt-fr","15":"pa_condizionamento-vs-fr","16":"pa_condizionamento-motte","17":"pa_famiglia-sapindaceae-fr","18":"pa_genere-koelreuteria-fr","19":"pa_inquinamento-resistance-a-la-pollution","20":"pa_origine-asie-orientale","21":"pa_periodo-fioritura-aout","22":"pa_periodo-fioritura-septembre","23":"pa_periodo-fruttificazione-octobre","24":"pa_portamento-arrondi","25":"pa_resistenza-climatica-tres-elevee","26":"pa_resistenza-del-suolo-resistant-aux-sols-calcaires","27":"pa_resistenza-del-suolo-resistant-aux-sols-secs","28":"pa_utilizzo-parcs","29":"pa_utilizzo-petits-jardins","31":"first","32":"instock","33":"purchasable","34":"product-type-simple"},"acf":[],"_links":{"self":[{"href":"https:\/\/innocentiemangonipiante.it\/fr\/wp-json\/wp\/v2\/product\/12904","targetHints":{"allow":["GET"]}}],"collection":[{"href":"https:\/\/innocentiemangonipiante.it\/fr\/wp-json\/wp\/v2\/product"}],"about":[{"href":"https:\/\/innocentiemangonipiante.it\/fr\/wp-json\/wp\/v2\/types\/product"}],"wp:featuredmedia":[{"embeddable":true,"href":"https:\/\/innocentiemangonipiante.it\/fr\/wp-json\/wp\/v2\/media\/3373"}],"wp:attachment":[{"href":"https:\/\/innocentiemangonipiante.it\/fr\/wp-json\/wp\/v2\/media?parent=12904"}],"wp:term":[{"taxonomy":"product_brand","embeddable":true,"href":"https:\/\/innocentiemangonipiante.it\/fr\/wp-json\/wp\/v2\/product_brand?post=12904"},{"taxonomy":"product_cat","embeddable":true,"href":"https:\/\/innocentiemangonipiante.it\/fr\/wp-json\/wp\/v2\/product_cat?post=12904"},{"taxonomy":"product_tag","embeddable":true,"href":"https:\/\/innocentiemangonipiante.it\/fr\/wp-json\/wp\/v2\/product_tag?post=12904"}],"curies":[{"name":"wp","href":"https:\/\/api.w.org\/{rel}","templated":true}]}}