{"id":12905,"date":"2023-11-04T01:27:57","date_gmt":"2023-11-04T00:27:57","guid":{"rendered":"http:\/\/innocentiemangonipiante.it\/kolkwitzia-amabilis-pink-cloud\/"},"modified":"2023-11-06T15:01:04","modified_gmt":"2023-11-06T14:01:04","slug":"kolkwitzia-amabilis-pink-cloud","status":"publish","type":"product","link":"https:\/\/innocentiemangonipiante.it\/fr\/kolkwitzia-amabilis-pink-cloud\/","title":{"rendered":"KOLKWITZIA amabilis &lsquo;Pink Cloud&rsquo;"},"content":{"rendered":"<p>Arbuste caduc avec feuilles ov\u00e9es de couleur vert fonc\u00e9. Vers la moiti\u00e9 de printemps grandes quantit\u00e9s de fleurs campanul\u00e9es rose avec coeur jaun\u00e2tre.<\/p>\n","protected":false},"excerpt":{"rendered":"<p>Arbuste caduc avec feuilles ov\u00e9es de couleur vert fonc\u00e9. Vers la moiti\u00e9 de printemps grandes quantit\u00e9s de fleurs campanul\u00e9es rose avec coeur jaun\u00e2tre.<\/p>\n","protected":false},"featured_media":3386,"template":"","meta":{"_acf_changed":false},"product_brand":[],"product_cat":[8812],"product_tag":[10897],"class_list":{"0":"post-12905","1":"product","2":"type-product","3":"status-publish","4":"has-post-thumbnail","6":"product_cat-arbres-et-arbustes-a-feuilles-caduques","7":"product_tag-naturelle","8":"pa_altezza-massima-200-fr","9":"pa_altezza-massima-300-fr-2","10":"pa_colore-fioritura-rose","11":"pa_condizionamento-clt-fr","12":"pa_famiglia-caprifoliaceae-fr","13":"pa_genere-kolkwitzia-fr","14":"pa_origine-asie-orientale","15":"pa_periodo-fioritura-avril","16":"pa_periodo-fioritura-mai","17":"pa_portamento-cespuglioso-fr","18":"pa_resistenza-climatica-moyenne-elevee","19":"pa_resistenza-del-suolo-resistant-aux-sols-calcaires","20":"pa_resistenza-del-suolo-resistant-aux-sols-secs","21":"pa_salinita-resistance-a-la-salinisation","22":"pa_utilizzo-balcons","23":"pa_utilizzo-haies","24":"pa_utilizzo-petits-jardins","26":"first","27":"instock","28":"purchasable","29":"product-type-simple"},"acf":[],"_links":{"self":[{"href":"https:\/\/innocentiemangonipiante.it\/fr\/wp-json\/wp\/v2\/product\/12905","targetHints":{"allow":["GET"]}}],"collection":[{"href":"https:\/\/innocentiemangonipiante.it\/fr\/wp-json\/wp\/v2\/product"}],"about":[{"href":"https:\/\/innocentiemangonipiante.it\/fr\/wp-json\/wp\/v2\/types\/product"}],"wp:featuredmedia":[{"embeddable":true,"href":"https:\/\/innocentiemangonipiante.it\/fr\/wp-json\/wp\/v2\/media\/3386"}],"wp:attachment":[{"href":"https:\/\/innocentiemangonipiante.it\/fr\/wp-json\/wp\/v2\/media?parent=12905"}],"wp:term":[{"taxonomy":"product_brand","embeddable":true,"href":"https:\/\/innocentiemangonipiante.it\/fr\/wp-json\/wp\/v2\/product_brand?post=12905"},{"taxonomy":"product_cat","embeddable":true,"href":"https:\/\/innocentiemangonipiante.it\/fr\/wp-json\/wp\/v2\/product_cat?post=12905"},{"taxonomy":"product_tag","embeddable":true,"href":"https:\/\/innocentiemangonipiante.it\/fr\/wp-json\/wp\/v2\/product_tag?post=12905"}],"curies":[{"name":"wp","href":"https:\/\/api.w.org\/{rel}","templated":true}]}}