{"id":12907,"date":"2023-11-04T01:28:23","date_gmt":"2023-11-04T00:28:23","guid":{"rendered":"http:\/\/innocentiemangonipiante.it\/laburnum-anagyroides-fastigiata\/"},"modified":"2023-11-06T15:01:16","modified_gmt":"2023-11-06T14:01:16","slug":"laburnum-anagyroides-fastigiata","status":"publish","type":"product","link":"https:\/\/innocentiemangonipiante.it\/fr\/laburnum-anagyroides-fastigiata\/","title":{"rendered":"LABURNUM anagyroides &lsquo;Fastigiata&rsquo;"},"content":{"rendered":"<p>Arbuste caduc avec les m\u00eames caract\u00e9ristiques que l&rsquo;esp\u00e8ce type, mais dont il se distingue par le port \u00e9rig\u00e9 de ses rameaux.<\/p>\n","protected":false},"excerpt":{"rendered":"<p>Arbuste caduc avec les m\u00eames caract\u00e9ristiques que l&rsquo;esp\u00e8ce type, mais dont il se distingue par le port \u00e9rig\u00e9 de ses rameaux.<\/p>\n","protected":false},"featured_media":47347,"template":"","meta":{"_acf_changed":false},"product_brand":[],"product_cat":[8812],"product_tag":[10897],"class_list":{"0":"post-12907","1":"product","2":"type-product","3":"status-publish","4":"has-post-thumbnail","6":"product_cat-arbres-et-arbustes-a-feuilles-caduques","7":"product_tag-naturelle","8":"pa_altezza-massima-400-fr","9":"pa_altezza-massima-600-fr","10":"pa_colore-fioritura-jaune","11":"pa_condizionamento-pot-carre","12":"pa_famiglia-leguminosae-fr","13":"pa_genere-laburnum-fr","14":"pa_inquinamento-resistance-a-la-pollution","15":"pa_origine-europe-fr","16":"pa_periodo-fioritura-juin","17":"pa_periodo-fioritura-mai","18":"pa_portamento-eretto-fr","19":"pa_resistenza-climatica-tres-elevee","20":"pa_utilizzo-parcs","21":"pa_utilizzo-petits-jardins","23":"first","24":"instock","25":"purchasable","26":"product-type-simple"},"acf":[],"_links":{"self":[{"href":"https:\/\/innocentiemangonipiante.it\/fr\/wp-json\/wp\/v2\/product\/12907","targetHints":{"allow":["GET"]}}],"collection":[{"href":"https:\/\/innocentiemangonipiante.it\/fr\/wp-json\/wp\/v2\/product"}],"about":[{"href":"https:\/\/innocentiemangonipiante.it\/fr\/wp-json\/wp\/v2\/types\/product"}],"wp:featuredmedia":[{"embeddable":true,"href":"https:\/\/innocentiemangonipiante.it\/fr\/wp-json\/wp\/v2\/media\/47347"}],"wp:attachment":[{"href":"https:\/\/innocentiemangonipiante.it\/fr\/wp-json\/wp\/v2\/media?parent=12907"}],"wp:term":[{"taxonomy":"product_brand","embeddable":true,"href":"https:\/\/innocentiemangonipiante.it\/fr\/wp-json\/wp\/v2\/product_brand?post=12907"},{"taxonomy":"product_cat","embeddable":true,"href":"https:\/\/innocentiemangonipiante.it\/fr\/wp-json\/wp\/v2\/product_cat?post=12907"},{"taxonomy":"product_tag","embeddable":true,"href":"https:\/\/innocentiemangonipiante.it\/fr\/wp-json\/wp\/v2\/product_tag?post=12907"}],"curies":[{"name":"wp","href":"https:\/\/api.w.org\/{rel}","templated":true}]}}