{"id":12908,"date":"2023-11-04T01:28:30","date_gmt":"2023-11-04T00:28:30","guid":{"rendered":"http:\/\/innocentiemangonipiante.it\/laburnum-x-watereri-vossii\/"},"modified":"2023-11-06T15:01:18","modified_gmt":"2023-11-06T14:01:18","slug":"laburnum-x-watereri-vossii","status":"publish","type":"product","link":"https:\/\/innocentiemangonipiante.it\/fr\/laburnum-x-watereri-vossii\/","title":{"rendered":"LABURNUM x watereri &lsquo;Vossii&rsquo;"},"content":{"rendered":"<p>Arbuste caduque au port droite. D\u00e9but \u00e9t\u00e9, il produit des fleurs de couleur jaune en grappes retombants, longues jusq\u00fa\u2019\u00e0 50-60 cm.<\/p>\n","protected":false},"excerpt":{"rendered":"<p>Arbuste caduque au port droite. D\u00e9but \u00e9t\u00e9, il produit des fleurs de couleur jaune en grappes retombants, longues jusq\u00fa\u2019\u00e0 50-60 cm.<\/p>\n","protected":false},"featured_media":3453,"template":"","meta":{"_acf_changed":false},"product_brand":[],"product_cat":[8812],"product_tag":[10897,8400],"class_list":{"0":"post-12908","1":"product","2":"type-product","3":"status-publish","4":"has-post-thumbnail","6":"product_cat-arbres-et-arbustes-a-feuilles-caduques","7":"product_tag-naturelle","8":"product_tag-tige","9":"pa_altezza-massima-400-fr","10":"pa_altezza-massima-600-fr","11":"pa_colore-fioritura-jaune","12":"pa_condizionamento-motte","13":"pa_condizionamento-pot-carre","14":"pa_famiglia-leguminosae-fr","15":"pa_genere-laburnum-fr","16":"pa_inquinamento-resistance-a-la-pollution","17":"pa_origine-sud-de-leurope-fr","18":"pa_periodo-fioritura-juin","19":"pa_portamento-eretto-fr","20":"pa_resistenza-climatica-tres-elevee","21":"pa_resistenza-del-suolo-resistant-aux-sols-calcaires","22":"pa_resistenza-del-suolo-resistant-aux-sols-secs","23":"pa_utilizzo-parcs","24":"pa_utilizzo-petits-jardins","26":"first","27":"instock","28":"purchasable","29":"product-type-simple"},"acf":[],"_links":{"self":[{"href":"https:\/\/innocentiemangonipiante.it\/fr\/wp-json\/wp\/v2\/product\/12908","targetHints":{"allow":["GET"]}}],"collection":[{"href":"https:\/\/innocentiemangonipiante.it\/fr\/wp-json\/wp\/v2\/product"}],"about":[{"href":"https:\/\/innocentiemangonipiante.it\/fr\/wp-json\/wp\/v2\/types\/product"}],"wp:featuredmedia":[{"embeddable":true,"href":"https:\/\/innocentiemangonipiante.it\/fr\/wp-json\/wp\/v2\/media\/3453"}],"wp:attachment":[{"href":"https:\/\/innocentiemangonipiante.it\/fr\/wp-json\/wp\/v2\/media?parent=12908"}],"wp:term":[{"taxonomy":"product_brand","embeddable":true,"href":"https:\/\/innocentiemangonipiante.it\/fr\/wp-json\/wp\/v2\/product_brand?post=12908"},{"taxonomy":"product_cat","embeddable":true,"href":"https:\/\/innocentiemangonipiante.it\/fr\/wp-json\/wp\/v2\/product_cat?post=12908"},{"taxonomy":"product_tag","embeddable":true,"href":"https:\/\/innocentiemangonipiante.it\/fr\/wp-json\/wp\/v2\/product_tag?post=12908"}],"curies":[{"name":"wp","href":"https:\/\/api.w.org\/{rel}","templated":true}]}}