{"id":12913,"date":"2023-11-04T01:32:18","date_gmt":"2023-11-04T00:32:18","guid":{"rendered":"http:\/\/innocentiemangonipiante.it\/lagerstroemia-indica-rhapsody-in-pink\/"},"modified":"2023-11-06T15:02:51","modified_gmt":"2023-11-06T14:02:51","slug":"lagerstroemia-indica-rhapsody-in-pink","status":"publish","type":"product","link":"https:\/\/innocentiemangonipiante.it\/fr\/lagerstroemia-indica-rhapsody-in-pink\/","title":{"rendered":"LAGERSTROEMIA indica &lsquo;Rhapsody in Pink&rsquo;"},"content":{"rendered":"<p>Feuillage vert fonc\u00e9 virant au rouge en automne. \u00c0 la fin de l&rsquo;\u00e9t\u00e9, de longues panicules de fleurs rose p\u00e2le s&rsquo;\u00e9panouissent.<\/p>\n","protected":false},"excerpt":{"rendered":"<p>Feuillage vert fonc\u00e9 virant au rouge en automne. \u00c0 la fin de l&rsquo;\u00e9t\u00e9, de longues panicules de fleurs rose p\u00e2le s&rsquo;\u00e9panouissent.<\/p>\n","protected":false},"featured_media":3554,"template":"","meta":{"_acf_changed":false},"product_brand":[],"product_cat":[8812,9230],"product_tag":[10897],"class_list":{"0":"post-12913","1":"product","2":"type-product","3":"status-publish","4":"has-post-thumbnail","6":"product_cat-arbres-et-arbustes-a-feuilles-caduques","7":"product_cat-arbres-et-plantes-du-futur","8":"product_tag-naturelle","9":"pa_altezza-massima-120-fr","10":"pa_altezza-massima-150-fr","11":"pa_colore-fioritura-rose","12":"pa_famiglia-lythraceae-fr","13":"pa_genere-lagerstroemia-fr","14":"pa_origine-origine-delle-piante-u-s-a","15":"pa_periodo-fioritura-aout","16":"pa_periodo-fioritura-juillet","17":"pa_portamento-eretto-fr","18":"pa_resistenza-climatica-moyenne","19":"pa_salinita-resistance-a-la-salinisation","20":"pa_utilizzo-petits-jardins","22":"first","23":"instock","24":"purchasable","25":"product-type-simple"},"acf":[],"_links":{"self":[{"href":"https:\/\/innocentiemangonipiante.it\/fr\/wp-json\/wp\/v2\/product\/12913","targetHints":{"allow":["GET"]}}],"collection":[{"href":"https:\/\/innocentiemangonipiante.it\/fr\/wp-json\/wp\/v2\/product"}],"about":[{"href":"https:\/\/innocentiemangonipiante.it\/fr\/wp-json\/wp\/v2\/types\/product"}],"wp:featuredmedia":[{"embeddable":true,"href":"https:\/\/innocentiemangonipiante.it\/fr\/wp-json\/wp\/v2\/media\/3554"}],"wp:attachment":[{"href":"https:\/\/innocentiemangonipiante.it\/fr\/wp-json\/wp\/v2\/media?parent=12913"}],"wp:term":[{"taxonomy":"product_brand","embeddable":true,"href":"https:\/\/innocentiemangonipiante.it\/fr\/wp-json\/wp\/v2\/product_brand?post=12913"},{"taxonomy":"product_cat","embeddable":true,"href":"https:\/\/innocentiemangonipiante.it\/fr\/wp-json\/wp\/v2\/product_cat?post=12913"},{"taxonomy":"product_tag","embeddable":true,"href":"https:\/\/innocentiemangonipiante.it\/fr\/wp-json\/wp\/v2\/product_tag?post=12913"}],"curies":[{"name":"wp","href":"https:\/\/api.w.org\/{rel}","templated":true}]}}