{"id":12925,"date":"2023-11-04T01:28:43","date_gmt":"2023-11-04T00:28:43","guid":{"rendered":"http:\/\/innocentiemangonipiante.it\/lagerstroemia-indica-berry-dazzle\/"},"modified":"2023-11-06T15:01:24","modified_gmt":"2023-11-06T14:01:24","slug":"lagerstroemia-indica-berry-dazzle","status":"publish","type":"product","link":"https:\/\/innocentiemangonipiante.it\/fr\/lagerstroemia-indica-berry-dazzle\/","title":{"rendered":"LAGERSTROEMIA indica &lsquo;Berry Dazzle&rsquo; \u00ae"},"content":{"rendered":"<p>Vari\u00e9t\u00e9 compacte \u00e0 grandes fleurs violet fuchsia et feuillage vert fonc\u00e9.<\/p>\n","protected":false},"excerpt":{"rendered":"<p>Vari\u00e9t\u00e9 compacte \u00e0 grandes fleurs violet fuchsia et feuillage vert fonc\u00e9.<\/p>\n","protected":false},"featured_media":3459,"template":"","meta":{"_acf_changed":false},"product_brand":[],"product_cat":[8812,9230],"product_tag":[10897,6255],"class_list":{"0":"post-12925","1":"product","2":"type-product","3":"status-publish","4":"has-post-thumbnail","6":"product_cat-arbres-et-arbustes-a-feuilles-caduques","7":"product_cat-arbres-et-plantes-du-futur","8":"product_tag-naturelle","9":"product_tag-demi-tige","10":"pa_altezza-massima-0_90-metres","11":"pa_altezza-massima-120-fr","12":"pa_arte-topiaria-disponible-plante-en-forme","13":"pa_colore-fioritura-violet-fr","14":"pa_condizionamento-clt-fr","15":"pa_condizionamento-pot-carre","16":"pa_famiglia-lythraceae-fr","17":"pa_genere-lagerstroemia-fr","18":"pa_origine-origine-delle-piante-u-s-a","19":"pa_periodo-fioritura-aout","20":"pa_periodo-fioritura-juillet","21":"pa_periodo-fioritura-juin","22":"pa_periodo-fioritura-septembre","23":"pa_portamento-arrondi","24":"pa_resistenza-climatica-moyenne","25":"pa_utilizzo-petits-jardins","27":"first","28":"instock","29":"purchasable","30":"product-type-simple"},"acf":[],"_links":{"self":[{"href":"https:\/\/innocentiemangonipiante.it\/fr\/wp-json\/wp\/v2\/product\/12925","targetHints":{"allow":["GET"]}}],"collection":[{"href":"https:\/\/innocentiemangonipiante.it\/fr\/wp-json\/wp\/v2\/product"}],"about":[{"href":"https:\/\/innocentiemangonipiante.it\/fr\/wp-json\/wp\/v2\/types\/product"}],"wp:featuredmedia":[{"embeddable":true,"href":"https:\/\/innocentiemangonipiante.it\/fr\/wp-json\/wp\/v2\/media\/3459"}],"wp:attachment":[{"href":"https:\/\/innocentiemangonipiante.it\/fr\/wp-json\/wp\/v2\/media?parent=12925"}],"wp:term":[{"taxonomy":"product_brand","embeddable":true,"href":"https:\/\/innocentiemangonipiante.it\/fr\/wp-json\/wp\/v2\/product_brand?post=12925"},{"taxonomy":"product_cat","embeddable":true,"href":"https:\/\/innocentiemangonipiante.it\/fr\/wp-json\/wp\/v2\/product_cat?post=12925"},{"taxonomy":"product_tag","embeddable":true,"href":"https:\/\/innocentiemangonipiante.it\/fr\/wp-json\/wp\/v2\/product_tag?post=12925"}],"curies":[{"name":"wp","href":"https:\/\/api.w.org\/{rel}","templated":true}]}}