{"id":12951,"date":"2023-11-04T01:36:23","date_gmt":"2023-11-04T00:36:23","guid":{"rendered":"http:\/\/innocentiemangonipiante.it\/lavandula-angustifolia\/"},"modified":"2023-11-06T15:05:33","modified_gmt":"2023-11-06T14:05:33","slug":"lavandula-angustifolia","status":"publish","type":"product","link":"https:\/\/innocentiemangonipiante.it\/fr\/lavandula-angustifolia\/","title":{"rendered":"LAVANDULA angustifolia"},"content":{"rendered":"<p>Arbuste persistant compact aux feuilles lin\u00e9aires de couleur gris-vert. \u00c0 la moiti\u00e9-fin de l\u2019\u00e9t\u00e9, les longues tiges portent des fleurs de couleur pourpre en forme d\u2019\u00e9pi, parfum\u00e9es.<\/p>\n","protected":false},"excerpt":{"rendered":"<p>Arbuste persistant compact aux feuilles lin\u00e9aires de couleur gris-vert. \u00c0 la moiti\u00e9-fin de l\u2019\u00e9t\u00e9, les longues tiges portent des fleurs de couleur pourpre en forme d\u2019\u00e9pi, parfum\u00e9es.<\/p>\n","protected":false},"featured_media":3672,"template":"","meta":{"_acf_changed":false},"product_brand":[],"product_cat":[8817],"product_tag":[10897],"class_list":{"0":"post-12951","1":"product","2":"type-product","3":"status-publish","4":"has-post-thumbnail","6":"product_cat-arbres-et-arbustes-persistants","7":"product_tag-naturelle","8":"pa_altezza-massima-100-fr","9":"pa_altezza-massima-150-fr","10":"pa_colore-fioritura-rouge","11":"pa_condizionamento-clt-fr","12":"pa_famiglia-labiatae-fr","13":"pa_genere-lavandula-fr","14":"pa_origine-europe-mediterraneenne","15":"pa_periodo-fioritura-aout","16":"pa_periodo-fioritura-juillet","17":"pa_portamento-cespuglioso-fr","18":"pa_profumo-intense-fr","19":"pa_resistenza-climatica-moyenne-elevee","20":"pa_resistenza-del-suolo-resistant-aux-sols-calcaires","21":"pa_resistenza-del-suolo-resistant-aux-sols-secs","22":"pa_salinita-resistance-a-la-salinisation","23":"pa_utilizzo-balcons","24":"pa_utilizzo-haies","25":"pa_utilizzo-petits-jardins","27":"first","28":"instock","29":"purchasable","30":"product-type-simple"},"acf":[],"_links":{"self":[{"href":"https:\/\/innocentiemangonipiante.it\/fr\/wp-json\/wp\/v2\/product\/12951","targetHints":{"allow":["GET"]}}],"collection":[{"href":"https:\/\/innocentiemangonipiante.it\/fr\/wp-json\/wp\/v2\/product"}],"about":[{"href":"https:\/\/innocentiemangonipiante.it\/fr\/wp-json\/wp\/v2\/types\/product"}],"wp:featuredmedia":[{"embeddable":true,"href":"https:\/\/innocentiemangonipiante.it\/fr\/wp-json\/wp\/v2\/media\/3672"}],"wp:attachment":[{"href":"https:\/\/innocentiemangonipiante.it\/fr\/wp-json\/wp\/v2\/media?parent=12951"}],"wp:term":[{"taxonomy":"product_brand","embeddable":true,"href":"https:\/\/innocentiemangonipiante.it\/fr\/wp-json\/wp\/v2\/product_brand?post=12951"},{"taxonomy":"product_cat","embeddable":true,"href":"https:\/\/innocentiemangonipiante.it\/fr\/wp-json\/wp\/v2\/product_cat?post=12951"},{"taxonomy":"product_tag","embeddable":true,"href":"https:\/\/innocentiemangonipiante.it\/fr\/wp-json\/wp\/v2\/product_tag?post=12951"}],"curies":[{"name":"wp","href":"https:\/\/api.w.org\/{rel}","templated":true}]}}