{"id":12953,"date":"2023-11-04T01:36:42","date_gmt":"2023-11-04T00:36:42","guid":{"rendered":"http:\/\/innocentiemangonipiante.it\/lespedeza-thunbergii\/"},"modified":"2023-11-06T15:05:40","modified_gmt":"2023-11-06T14:05:40","slug":"lespedeza-thunbergii","status":"publish","type":"product","link":"https:\/\/innocentiemangonipiante.it\/fr\/lespedeza-thunbergii\/","title":{"rendered":"LESPEDEZA thunbergii"},"content":{"rendered":"<p>Plante vivace aux jets longs et recourb\u00e9s. Les feuilles sont tripalm\u00e9es de couleur vert-bleu compos\u00e9es de folioles ovales. Au d\u00e9but de l\u2019automne, s\u2019\u00e9panouissent des fleurs d\u2019une couleur rose-pourpre.<\/p>\n","protected":false},"excerpt":{"rendered":"<p>Plante vivace aux jets longs et recourb\u00e9s. Les feuilles sont tripalm\u00e9es de couleur vert-bleu compos\u00e9es de folioles ovales. Au d\u00e9but de l\u2019automne, s\u2019\u00e9panouissent des fleurs d\u2019une couleur rose-pourpre.<\/p>\n","protected":false},"featured_media":3679,"template":"","meta":{"_acf_changed":false},"product_brand":[],"product_cat":[8812],"product_tag":[10897],"class_list":{"0":"post-12953","1":"product","2":"type-product","3":"status-publish","4":"has-post-thumbnail","6":"product_cat-arbres-et-arbustes-a-feuilles-caduques","7":"product_tag-naturelle","8":"pa_altezza-massima-150-fr","9":"pa_altezza-massima-200-fr","10":"pa_colore-fioritura-rose","11":"pa_condizionamento-clt-fr","12":"pa_famiglia-leguminosae-fr","13":"pa_genere-lespedeza-fr","14":"pa_origine-asie-orientale","15":"pa_periodo-fioritura-octobre","16":"pa_portamento-allargato-fr","17":"pa_resistenza-climatica-tres-elevee","18":"pa_resistenza-del-suolo-resistant-aux-sols-secs","19":"pa_utilizzo-balcons","20":"pa_utilizzo-petits-jardins","22":"first","23":"instock","24":"purchasable","25":"product-type-simple"},"acf":[],"_links":{"self":[{"href":"https:\/\/innocentiemangonipiante.it\/fr\/wp-json\/wp\/v2\/product\/12953","targetHints":{"allow":["GET"]}}],"collection":[{"href":"https:\/\/innocentiemangonipiante.it\/fr\/wp-json\/wp\/v2\/product"}],"about":[{"href":"https:\/\/innocentiemangonipiante.it\/fr\/wp-json\/wp\/v2\/types\/product"}],"wp:featuredmedia":[{"embeddable":true,"href":"https:\/\/innocentiemangonipiante.it\/fr\/wp-json\/wp\/v2\/media\/3679"}],"wp:attachment":[{"href":"https:\/\/innocentiemangonipiante.it\/fr\/wp-json\/wp\/v2\/media?parent=12953"}],"wp:term":[{"taxonomy":"product_brand","embeddable":true,"href":"https:\/\/innocentiemangonipiante.it\/fr\/wp-json\/wp\/v2\/product_brand?post=12953"},{"taxonomy":"product_cat","embeddable":true,"href":"https:\/\/innocentiemangonipiante.it\/fr\/wp-json\/wp\/v2\/product_cat?post=12953"},{"taxonomy":"product_tag","embeddable":true,"href":"https:\/\/innocentiemangonipiante.it\/fr\/wp-json\/wp\/v2\/product_tag?post=12953"}],"curies":[{"name":"wp","href":"https:\/\/api.w.org\/{rel}","templated":true}]}}