{"id":12954,"date":"2023-11-04T01:37:44","date_gmt":"2023-11-04T00:37:44","guid":{"rendered":"http:\/\/innocentiemangonipiante.it\/ligustrum-delavayanum\/"},"modified":"2023-11-06T15:06:04","modified_gmt":"2023-11-06T14:06:04","slug":"ligustrum-delavayanum","status":"publish","type":"product","link":"https:\/\/innocentiemangonipiante.it\/fr\/ligustrum-delavayanum\/","title":{"rendered":"LIGUSTRUM delavayanum"},"content":{"rendered":"<p>Arbuste persistant aux feuilles ov\u00e9es ou ovales de couleur vert fonc\u00e9. Au d\u00e9but de l\u2019\u00e9t\u00e9, s\u2019\u00e9panouissent des fleurs blanches suivies de fruits ovo\u00efdaux bleu-noir. Plante indiqu\u00e9e dans l\u2019art topiaire.<\/p>\n","protected":false},"excerpt":{"rendered":"<p>Arbuste persistant aux feuilles ov\u00e9es ou ovales de couleur vert fonc\u00e9. Au d\u00e9but de l\u2019\u00e9t\u00e9, s\u2019\u00e9panouissent des fleurs blanches suivies de fruits ovo\u00efdaux bleu-noir. Plante indiqu\u00e9e dans l\u2019art topiaire.<\/p>\n","protected":false},"featured_media":3685,"template":"","meta":{"_acf_changed":false},"product_brand":[],"product_cat":[8817],"product_tag":[10897],"class_list":{"0":"post-12954","1":"product","2":"type-product","3":"status-publish","4":"has-post-thumbnail","6":"product_cat-arbres-et-arbustes-persistants","7":"product_tag-naturelle","8":"pa_altezza-massima-200-fr","9":"pa_altezza-massima-300-fr-2","10":"pa_colore-fioritura-blanc","11":"pa_famiglia-oleaceae-fr","12":"pa_genere-ligustrum-fr","13":"pa_origine-asie-orientale","14":"pa_periodo-fioritura-juin","15":"pa_periodo-fruttificazione-aout","16":"pa_portamento-allargato-fr","17":"pa_resistenza-climatica-moyenne-elevee","18":"pa_resistenza-del-suolo-resistant-aux-sols-calcaires","19":"pa_resistenza-del-suolo-resistant-aux-sols-secs","20":"pa_utilizzo-balcons","21":"pa_utilizzo-petits-jardins","23":"first","24":"instock","25":"purchasable","26":"product-type-simple"},"acf":[],"_links":{"self":[{"href":"https:\/\/innocentiemangonipiante.it\/fr\/wp-json\/wp\/v2\/product\/12954","targetHints":{"allow":["GET"]}}],"collection":[{"href":"https:\/\/innocentiemangonipiante.it\/fr\/wp-json\/wp\/v2\/product"}],"about":[{"href":"https:\/\/innocentiemangonipiante.it\/fr\/wp-json\/wp\/v2\/types\/product"}],"wp:featuredmedia":[{"embeddable":true,"href":"https:\/\/innocentiemangonipiante.it\/fr\/wp-json\/wp\/v2\/media\/3685"}],"wp:attachment":[{"href":"https:\/\/innocentiemangonipiante.it\/fr\/wp-json\/wp\/v2\/media?parent=12954"}],"wp:term":[{"taxonomy":"product_brand","embeddable":true,"href":"https:\/\/innocentiemangonipiante.it\/fr\/wp-json\/wp\/v2\/product_brand?post=12954"},{"taxonomy":"product_cat","embeddable":true,"href":"https:\/\/innocentiemangonipiante.it\/fr\/wp-json\/wp\/v2\/product_cat?post=12954"},{"taxonomy":"product_tag","embeddable":true,"href":"https:\/\/innocentiemangonipiante.it\/fr\/wp-json\/wp\/v2\/product_tag?post=12954"}],"curies":[{"name":"wp","href":"https:\/\/api.w.org\/{rel}","templated":true}]}}