{"id":12955,"date":"2023-11-04T01:39:04","date_gmt":"2023-11-04T00:39:04","guid":{"rendered":"http:\/\/innocentiemangonipiante.it\/ligustrum-texanum-silver-star\/"},"modified":"2023-11-06T15:07:31","modified_gmt":"2023-11-06T14:07:31","slug":"ligustrum-texanum-silver-star","status":"publish","type":"product","link":"https:\/\/innocentiemangonipiante.it\/fr\/ligustrum-texanum-silver-star\/","title":{"rendered":"LIGUSTRUM texanum &lsquo;Silver Star&rsquo;"},"content":{"rendered":"<p>Arbuste persistant aux feuilles ov\u00e9es de couleur verte et cr\u00e8me sur les bords. Les fleurs blanches sont suivies, \u00e0 la moiti\u00e9 de l\u2019\u00e9t\u00e9, de fruits globuleux noirs et luisants.<\/p>\n","protected":false},"excerpt":{"rendered":"<p>Arbuste persistant aux feuilles ov\u00e9es de couleur verte et cr\u00e8me sur les bords. Les fleurs blanches sont suivies, \u00e0 la moiti\u00e9 de l\u2019\u00e9t\u00e9, de fruits globuleux noirs et luisants.<\/p>\n","protected":false},"featured_media":48889,"template":"","meta":{"_acf_changed":false},"product_brand":[],"product_cat":[8817],"product_tag":[10897],"class_list":{"0":"post-12955","1":"product","2":"type-product","3":"status-publish","4":"has-post-thumbnail","6":"product_cat-arbres-et-arbustes-persistants","7":"product_tag-naturelle","8":"pa_altezza-massima-100-fr","9":"pa_altezza-massima-150-fr","10":"pa_colore-fioritura-blanc","11":"pa_condizionamento-clt-fr","12":"pa_famiglia-oleaceae-fr","13":"pa_genere-ligustrum-fr","14":"pa_inquinamento-resistance-a-la-pollution","15":"pa_origine-origine-delle-piante-u-s-a","16":"pa_periodo-fioritura-aout","17":"pa_periodo-fioritura-juillet","18":"pa_periodo-fruttificazione-septembre","19":"pa_portamento-arrondi","20":"pa_profumo-intense-fr","21":"pa_resistenza-climatica-moyenne-elevee","22":"pa_resistenza-del-suolo-resistant-aux-sols-calcaires","23":"pa_resistenza-del-suolo-resistant-aux-sols-secs","24":"pa_salinita-resistance-a-la-salinisation","25":"pa_utilizzo-balcons","26":"pa_utilizzo-petits-jardins","28":"first","29":"instock","30":"purchasable","31":"product-type-simple"},"acf":[],"_links":{"self":[{"href":"https:\/\/innocentiemangonipiante.it\/fr\/wp-json\/wp\/v2\/product\/12955","targetHints":{"allow":["GET"]}}],"collection":[{"href":"https:\/\/innocentiemangonipiante.it\/fr\/wp-json\/wp\/v2\/product"}],"about":[{"href":"https:\/\/innocentiemangonipiante.it\/fr\/wp-json\/wp\/v2\/types\/product"}],"wp:featuredmedia":[{"embeddable":true,"href":"https:\/\/innocentiemangonipiante.it\/fr\/wp-json\/wp\/v2\/media\/48889"}],"wp:attachment":[{"href":"https:\/\/innocentiemangonipiante.it\/fr\/wp-json\/wp\/v2\/media?parent=12955"}],"wp:term":[{"taxonomy":"product_brand","embeddable":true,"href":"https:\/\/innocentiemangonipiante.it\/fr\/wp-json\/wp\/v2\/product_brand?post=12955"},{"taxonomy":"product_cat","embeddable":true,"href":"https:\/\/innocentiemangonipiante.it\/fr\/wp-json\/wp\/v2\/product_cat?post=12955"},{"taxonomy":"product_tag","embeddable":true,"href":"https:\/\/innocentiemangonipiante.it\/fr\/wp-json\/wp\/v2\/product_tag?post=12955"}],"curies":[{"name":"wp","href":"https:\/\/api.w.org\/{rel}","templated":true}]}}