{"id":12956,"date":"2023-11-04T01:38:45","date_gmt":"2023-11-04T00:38:45","guid":{"rendered":"http:\/\/innocentiemangonipiante.it\/ligustrum-texanum\/"},"modified":"2023-11-06T15:07:16","modified_gmt":"2023-11-06T14:07:16","slug":"ligustrum-texanum","status":"publish","type":"product","link":"https:\/\/innocentiemangonipiante.it\/fr\/ligustrum-texanum\/","title":{"rendered":"LIGUSTRUM texanum"},"content":{"rendered":"<p>Arbuste persistant au port dense et compact. Les feuilles, ovales \u00e0 elliptiques, \u00e9paisses et coriaces, sont de couleur vert fonc\u00e9. Plante qui se pr\u00eate bien \u00e0 la taille.<\/p>\n","protected":false},"excerpt":{"rendered":"<p>Arbuste persistant au port dense et compact. Les feuilles, ovales \u00e0 elliptiques, \u00e9paisses et coriaces, sont de couleur vert fonc\u00e9. Plante qui se pr\u00eate bien \u00e0 la taille.<\/p>\n","protected":false},"featured_media":3715,"template":"","meta":{"_acf_changed":false},"product_brand":[],"product_cat":[8817,9230],"product_tag":[10897,8497,6255,8750,6266],"class_list":{"0":"post-12956","1":"product","2":"type-product","3":"status-publish","4":"has-post-thumbnail","6":"product_cat-arbres-et-arbustes-persistants","7":"product_cat-arbres-et-plantes-du-futur","8":"product_tag-naturelle","9":"product_tag-cepee-remontee","10":"product_tag-demi-tige","11":"product_tag-espalier-fr","12":"product_tag-jardiniere","13":"pa_altezza-massima-300-fr-2","14":"pa_altezza-massima-400-fr","15":"pa_colore-fioritura-blanc","16":"pa_condizionamento-clt-fr","17":"pa_condizionamento-coupe-fr","18":"pa_condizionamento-vs-fr","19":"pa_condizionamento-pot-carre","20":"pa_famiglia-oleaceae-fr","21":"pa_genere-ligustrum-fr","22":"pa_inquinamento-resistance-a-la-pollution","23":"pa_origine-origine-delle-piante-u-s-a","24":"pa_periodo-fioritura-aout","25":"pa_periodo-fioritura-juillet","26":"pa_portamento-arrondi","27":"pa_profumo-intense-fr","28":"pa_resistenza-climatica-moyenne-elevee","29":"pa_resistenza-del-suolo-resistant-aux-sols-calcaires","30":"pa_resistenza-del-suolo-resistant-aux-sols-secs","31":"pa_salinita-resistance-a-la-salinisation","32":"pa_utilizzo-balcons","33":"pa_utilizzo-haies","34":"pa_utilizzo-petits-jardins","36":"first","37":"instock","38":"purchasable","39":"product-type-simple"},"acf":[],"_links":{"self":[{"href":"https:\/\/innocentiemangonipiante.it\/fr\/wp-json\/wp\/v2\/product\/12956","targetHints":{"allow":["GET"]}}],"collection":[{"href":"https:\/\/innocentiemangonipiante.it\/fr\/wp-json\/wp\/v2\/product"}],"about":[{"href":"https:\/\/innocentiemangonipiante.it\/fr\/wp-json\/wp\/v2\/types\/product"}],"wp:featuredmedia":[{"embeddable":true,"href":"https:\/\/innocentiemangonipiante.it\/fr\/wp-json\/wp\/v2\/media\/3715"}],"wp:attachment":[{"href":"https:\/\/innocentiemangonipiante.it\/fr\/wp-json\/wp\/v2\/media?parent=12956"}],"wp:term":[{"taxonomy":"product_brand","embeddable":true,"href":"https:\/\/innocentiemangonipiante.it\/fr\/wp-json\/wp\/v2\/product_brand?post=12956"},{"taxonomy":"product_cat","embeddable":true,"href":"https:\/\/innocentiemangonipiante.it\/fr\/wp-json\/wp\/v2\/product_cat?post=12956"},{"taxonomy":"product_tag","embeddable":true,"href":"https:\/\/innocentiemangonipiante.it\/fr\/wp-json\/wp\/v2\/product_tag?post=12956"}],"curies":[{"name":"wp","href":"https:\/\/api.w.org\/{rel}","templated":true}]}}