{"id":12957,"date":"2023-11-04T01:38:24","date_gmt":"2023-11-04T00:38:24","guid":{"rendered":"http:\/\/innocentiemangonipiante.it\/ligustrum-ovalifolium-aureum\/"},"modified":"2023-11-06T15:07:07","modified_gmt":"2023-11-06T14:07:07","slug":"ligustrum-ovalifolium-aureum","status":"publish","type":"product","link":"https:\/\/innocentiemangonipiante.it\/fr\/ligustrum-ovalifolium-aureum\/","title":{"rendered":"LIGUSTRUM ovalifolium &lsquo;Aureum&rsquo;"},"content":{"rendered":"<p>Arbuste semi-persistant, aux feuilles ovales et aux larges bords jaune brillant. Les fleurs blanches, en panicules, sont remplac\u00e9es \u00e0 la moiti\u00e9 de l\u2019\u00e9t\u00e9 par des fruits globuleux noirs et luisants.<\/p>\n","protected":false},"excerpt":{"rendered":"<p>Arbuste semi-persistant, aux feuilles ovales et aux larges bords jaune brillant. Les fleurs blanches, en panicules, sont remplac\u00e9es \u00e0 la moiti\u00e9 de l\u2019\u00e9t\u00e9 par des fruits globuleux noirs et luisants.<\/p>\n","protected":false},"featured_media":3709,"template":"","meta":{"_acf_changed":false},"product_brand":[],"product_cat":[8817],"product_tag":[10897,6255],"class_list":{"0":"post-12957","1":"product","2":"type-product","3":"status-publish","4":"has-post-thumbnail","6":"product_cat-arbres-et-arbustes-persistants","7":"product_tag-naturelle","8":"product_tag-demi-tige","9":"pa_altezza-massima-300-fr-2","10":"pa_altezza-massima-500-fr","11":"pa_colore-delle-foglie-jaune","12":"pa_colore-fioritura-blanc","13":"pa_condizionamento-clt-fr","14":"pa_famiglia-oleaceae-fr","15":"pa_genere-ligustrum-fr","16":"pa_inquinamento-resistance-a-la-pollution","17":"pa_origine-asie-orientale","18":"pa_periodo-fioritura-juillet","19":"pa_periodo-fruttificazione-aout","20":"pa_portamento-eretto-fr","21":"pa_resistenza-climatica-moyenne-elevee","22":"pa_resistenza-del-suolo-resistant-aux-sols-calcaires","23":"pa_resistenza-del-suolo-resistant-aux-sols-secs","24":"pa_salinita-resistance-a-la-salinisation","25":"pa_utilizzo-balcons","26":"pa_utilizzo-haies","27":"pa_utilizzo-petits-jardins","29":"first","30":"instock","31":"purchasable","32":"product-type-simple"},"acf":[],"_links":{"self":[{"href":"https:\/\/innocentiemangonipiante.it\/fr\/wp-json\/wp\/v2\/product\/12957","targetHints":{"allow":["GET"]}}],"collection":[{"href":"https:\/\/innocentiemangonipiante.it\/fr\/wp-json\/wp\/v2\/product"}],"about":[{"href":"https:\/\/innocentiemangonipiante.it\/fr\/wp-json\/wp\/v2\/types\/product"}],"wp:featuredmedia":[{"embeddable":true,"href":"https:\/\/innocentiemangonipiante.it\/fr\/wp-json\/wp\/v2\/media\/3709"}],"wp:attachment":[{"href":"https:\/\/innocentiemangonipiante.it\/fr\/wp-json\/wp\/v2\/media?parent=12957"}],"wp:term":[{"taxonomy":"product_brand","embeddable":true,"href":"https:\/\/innocentiemangonipiante.it\/fr\/wp-json\/wp\/v2\/product_brand?post=12957"},{"taxonomy":"product_cat","embeddable":true,"href":"https:\/\/innocentiemangonipiante.it\/fr\/wp-json\/wp\/v2\/product_cat?post=12957"},{"taxonomy":"product_tag","embeddable":true,"href":"https:\/\/innocentiemangonipiante.it\/fr\/wp-json\/wp\/v2\/product_tag?post=12957"}],"curies":[{"name":"wp","href":"https:\/\/api.w.org\/{rel}","templated":true}]}}